{"id":586,"date":"2013-12-16T19:34:19","date_gmt":"2013-12-16T18:34:19","guid":{"rendered":"http:\/\/dvd-vratisinec.hr\/?page_id=586"},"modified":"2015-03-17T11:38:21","modified_gmt":"2015-03-17T10:38:21","slug":"augustin-jezernik","status":"publish","type":"page","link":"https:\/\/dvd-vratisinec.hr\/?page_id=586","title":{"rendered":"Augustin Jezernik"},"content":{"rendered":"<p><span style=\"color: #ff0000;\">U spomen na\u00a0<strong> Augustina Jezernika<\/strong>, dugogodi\u0161njeg predsjednika DVD-a Vrati\u0161inec<\/span><b style=\"font-size: 16px;\">\u00a0 \u00a0 \u00a0 \u00a0 \u00a0 \u00a0 \u00a0 \u00a0 \u00a0 \u00a0 \u00a0 \u00a0 \u00a0 \u00a0 \u00a0 \u00a0 \u00a0 \u00a0 \u00a0 \u00a0 \u00a0 \u00a0 \u00a0 \u00a0 \u00a0 \u00a0 \u00a0 \u00a0 \u00a0 \u00a0 \u00a0 \u00a0 \u00a0 \u00a0 \u00a0 \u00a0 \u00a0 \u00a0 \u00a0 \u00a0 \u00a0 \u00a0 \u00a0 \u00a0 \u00a0 \u00a0 \u00a0 \u00a0 \u00a0 \u00a0 \u00a0 \u00a0 \u00a0 \u00a0 \u00a0 \u00a0 \u00a0 \u00a0 \u00a0 \u00a0 \u00a0 \u00a0 \u00a0 \u00a0 \u00a0<\/b><\/p>\n<figure id=\"attachment_592\" aria-describedby=\"caption-attachment-592\" style=\"width: 225px\" class=\"wp-caption alignleft\"><a href=\"https:\/\/dvd-vratisinec.hr\/wp-content\/uploads\/2013\/12\/Untitled.jpg\"><img loading=\"lazy\" decoding=\"async\" class=\"size-medium wp-image-592   \" src=\"https:\/\/dvd-vratisinec.hr\/wp-content\/uploads\/2013\/12\/Untitled-225x300.jpg\" alt=\"Augustin Jezernik\" width=\"225\" height=\"300\" srcset=\"https:\/\/dvd-vratisinec.hr\/wp-content\/uploads\/2013\/12\/Untitled-225x300.jpg 225w, https:\/\/dvd-vratisinec.hr\/wp-content\/uploads\/2013\/12\/Untitled.jpg 477w\" sizes=\"auto, (max-width: 225px) 100vw, 225px\" \/><\/a><figcaption id=\"caption-attachment-592\" class=\"wp-caption-text\"><strong>Augustin Jezernik<\/strong><br \/>(2.7.1940. &#8211; 15.9.2008.)<\/figcaption><\/figure>\n<p style=\"text-align: justify;\"><b>Augustin Jezernik\u00a0<\/b>\u00a0ro\u0111en je 02. srpnja 1940. godine u Kri\u0161tanovcu, a od 1963.godine\u00a0 stalno je nastanjen u Vrati\u0161incu. Zavr\u0161io je srednju \u0161kolu\u00a0 za KV varioca, a od 1995. godine je u mirovini. Bio je \u010dlan vi\u0161e dru\u0161tvenih i politi\u010dkih organizacija organizacija i udruga gra\u0111ana gdje je nesebi\u010dno radio na pobolj\u0161anju \u017eivota gra\u0111ana naselja Vrati\u0161inec i \u0161ire, a posebno se isti\u010de u humanitarnom i op\u0107e korisnom radu.<\/p>\n<p style=\"text-align: justify;\">Augustin Jezernik \u010dlan je Dobrovoljnog vatrogasnog dru\u0161tva Vrati\u0161inec od 1963. godine (od 1956 godine do 1963. godine bio je \u010dlan Dobrovoljnog vatrogasnog dru\u0161tva Kri\u0161tanovec). Zbog svoga aktivnog i nesebi\u010dnog rada u dru\u0161tvu \u010dlanovi DVD-a\u00a0 Vrati\u0161inec biraju ga za \u010dlana Upravnog odbora ve\u0107 1965. godine, a u razdoblju od 1969 do 1973. godine obna\u0161ao je i funkciju potpredsjednika dru\u0161tva.\u00a0Na izbornoj skup\u0161tini DVD-a Vrati\u0161inec 1985. godine izabran je za predsjednika DVD-a Vrati\u0161inec, te je tu funkciju obna\u0161ao sve do svoje smrti.<\/p>\n<p style=\"text-align: justify;\">Od 1993. godine bio \u00a0je \u010dlan Predsjedni\u0161tva Vatrogasne zajednice me\u0111imurske \u017eupanije, a u razdoblju od 1993. do 1997. godine bio je predsjednik vatrogasne zajednice Op\u0107ine Vrati\u0161inec, koja je novim ustrojem vatrogastva u Me\u0111imurskoj \u017eupaniji spojena u Vatrogasnu zajednicu podru\u010dja grada Mursko Sredi\u0161\u0107e i op\u0107ina Selnica, Sveti Martin na Muri i Vrati\u0161inec, gdje od 1997. godine obna\u0161ao funkciju dopredsjednika zajednice.<\/p>\n<p style=\"text-align: justify;\">U svom radu u vatrogastvu posebno se istaknuo u o\u010duvanju 80. godi\u0161nje tradicije vatrogastva u Vrati\u0161incu, provo\u0111enju protupo\u017earnih aktivnosti, ga\u0161enju po\u017eara, obu\u010davanju \u010dlanstva i mlade\u017ei, te gra\u0111ana u rukovanju vatrogasnom opremom, te uop\u0107e u radu dru\u0161tva. U radu dru\u0161tva posebno je osobno zaslu\u017ean za nabavku novog vatrogasnog vozila, obnove kapelice Svetog Florijana, te pru\u017eanja pomo\u0107i dru\u0161tva drugim udrugama u Vrati\u0161incu i \u0161ire. Njegov posljednji veliki projekt bio je izgradnja novog vatrogasnog doma. Iako su svi projekti bili gotovi, na\u017ealost po\u010detak gradnje nije do\u017eivio. Vatrogasni dom koji sada stoji \u010dvrsto na svom temelju u njegov spomen nosi ime Augustina Jezernika.<\/p>\n<p style=\"text-align: justify;\">Za svoj rad u vatrogastvu vi\u0161ekratno je primio zahvalnice za rad, te je pohvaljivan. Odlikovan je bron\u010danom, srebrnom i zlatnom vatrogasnom medaljom, dok je ujedno i primio spomenice za 10, 20, 30, 40 i 50 godina rada u vatrogastvu i zlatnu plaketu DVD-a Vrati\u0161inec povodom 70. obljetnice rada dru\u0161tva.<\/p>\n<p style=\"text-align: justify;\">Tijekom 2000. godine stekao je najvi\u0161e vatrogasno zvanje i to zvanje po\u010dasnog vi\u0161eg vatrogasnog \u010dasnika.<\/p>\n<p style=\"text-align: justify;\">Tako\u0111er je tijekom 2005. godine primio bron\u010danu vatrogasnu plamenicu HVZ za hrabrost i po\u017ertvovnost\u00a0 u obrani i ubla\u017eavanju \u0161teta od poplava koje su pogodile mjesta Kri\u017eovec i Sveti Martin na Muri.\u00a02006. godine Hrvatska Vatrogasna Zajednica odlikovala ga je vatrogasnim odlikovanjem za posebne zasluge u razvoju za\u0161tite od po\u017eara i vatrogastva.\u00a0Svoje posljednje priznanje Pe\u010dat op\u0107ine Vrati\u0161inec za ukupan doprinos op\u0107ini Vrati\u0161inec i samom naselju primio je 13.rujna 2008., dva dana prije svoje smrti.<\/p>\n<p style=\"text-align: justify;\">Augustin Jezernik iznenada je preminuo 15. rujna 2008. u 68. godini \u017eivota. Pokop uz po\u010dasti, uz predstavnike mnogih Udruga, op\u0107ine Vrati\u0161inec, Dobrovoljnih vatrogasnih dru\u0161tava te \u010delnika Zajednica te mnogobrojnih prijatelja i poznanika bio je 16. rujna na vrati\u0161inskom groblju.<\/p>\n<p style=\"text-align: justify;\">Njegovo se prisustvo u dru\u0161tvu osje\u0107a i nakon svih ovih godina, jer godine ne mogu izbrisati lik i djelo ovog velikog humanitarca.<\/p>\n<p style=\"text-align: justify;\"><strong>Vrati\u0161inski vatrogasci<\/strong><\/p>\n<figure id=\"attachment_1639\" aria-describedby=\"caption-attachment-1639\" style=\"width: 800px\" class=\"wp-caption alignnone\"><img loading=\"lazy\" decoding=\"async\" class=\"size-full wp-image-1639\" src=\"https:\/\/dvd-vratisinec.hr\/wp-content\/uploads\/2013\/12\/na_groblju.jpg\" alt=\"Predsjednik, zapovjednik i tajnik dru\u0161tva na grobu Augustina Jezernika, dugogodi\u0161njeg predsjednika DVD-a Vrati\u0161inec\" width=\"800\" height=\"600\" srcset=\"https:\/\/dvd-vratisinec.hr\/wp-content\/uploads\/2013\/12\/na_groblju.jpg 800w, https:\/\/dvd-vratisinec.hr\/wp-content\/uploads\/2013\/12\/na_groblju-300x225.jpg 300w\" sizes=\"auto, (max-width: 800px) 100vw, 800px\" \/><figcaption id=\"caption-attachment-1639\" class=\"wp-caption-text\"><strong>Predsjednik, zapovjednik i tajnik dru\u0161tva na grobu Augustina Jezernika, dugogodi\u0161njeg predsjednika DVD-a Vrati\u0161inec<\/strong><\/figcaption><\/figure>\n<figure id=\"attachment_2203\" aria-describedby=\"caption-attachment-2203\" style=\"width: 300px\" class=\"wp-caption aligncenter\"><img loading=\"lazy\" decoding=\"async\" class=\"size-medium wp-image-2203\" src=\"https:\/\/dvd-vratisinec.hr\/wp-content\/uploads\/2013\/12\/P1020194-300x225.jpg\" alt=\"Zapovjednik, predsjednik i tajnik Dru\u0161tva polo\u017eili su vijenac na grob Augustina Jezernika prije 89. godi\u0161nje skup\u0161tine \" width=\"300\" height=\"225\" srcset=\"https:\/\/dvd-vratisinec.hr\/wp-content\/uploads\/2013\/12\/P1020194-300x225.jpg 300w, https:\/\/dvd-vratisinec.hr\/wp-content\/uploads\/2013\/12\/P1020194-1024x768.jpg 1024w\" sizes=\"auto, (max-width: 300px) 100vw, 300px\" \/><figcaption id=\"caption-attachment-2203\" class=\"wp-caption-text\"><strong>Zapovjednik, predsjednik i tajnik Dru\u0161tva polo\u017eili su vijenac na grob Augustina Jezernika u \u010dast svim preminulim vatrogascima prije 89. godi\u0161nje skup\u0161tine<\/strong><\/figcaption><\/figure>\n<figure id=\"attachment_2204\" aria-describedby=\"caption-attachment-2204\" style=\"width: 300px\" class=\"wp-caption aligncenter\"><img loading=\"lazy\" decoding=\"async\" class=\"size-medium wp-image-2204\" src=\"https:\/\/dvd-vratisinec.hr\/wp-content\/uploads\/2013\/12\/P1020196-300x225.jpg\" alt=\"Grob Augustina Jezernika na mjesnom groblju u Vrati\u0161incu\" width=\"300\" height=\"225\" srcset=\"https:\/\/dvd-vratisinec.hr\/wp-content\/uploads\/2013\/12\/P1020196-300x225.jpg 300w, https:\/\/dvd-vratisinec.hr\/wp-content\/uploads\/2013\/12\/P1020196-1024x768.jpg 1024w\" sizes=\"auto, (max-width: 300px) 100vw, 300px\" \/><figcaption id=\"caption-attachment-2204\" class=\"wp-caption-text\"><strong>Grob Augustina Jezernika na mjesnom groblju u Vrati\u0161incu<\/strong><\/figcaption><\/figure>\n<p><!-- [if gte vml 1]><v:shapetype id=\"_x0000_t75\"\ncoordsize=\"21600,21600\" o:spt=\"75\" o:preferrelative=\"t\" path=\"m@4@5l@4@11@9@11@9@5xe\"\nfilled=\"f\" stroked=\"f\">\n<v:stroke joinstyle=\"miter\"\/>\n<v:formulas>\n<v:f eqn=\"if lineDrawn pixelLineWidth 0\"\/>\n<v:f eqn=\"sum @0 1 0\"\/>\n<v:f eqn=\"sum 0 0 @1\"\/>\n<v:f eqn=\"prod @2 1 2\"\/>\n<v:f eqn=\"prod @3 21600 pixelWidth\"\/>\n<v:f eqn=\"prod @3 21600 pixelHeight\"\/>\n<v:f eqn=\"sum @0 0 1\"\/>\n<v:f eqn=\"prod @6 1 2\"\/>\n<v:f eqn=\"prod @7 21600 pixelWidth\"\/>\n<v:f eqn=\"sum @8 21600 0\"\/>\n<v:f eqn=\"prod @7 21600 pixelHeight\"\/>\n<v:f eqn=\"sum @10 21600 0\"\/>\n<\/v:formulas>\n<v:path o:extrusionok=\"f\" gradientshapeok=\"t\" o:connecttype=\"rect\"\/>\n<o:lock v:ext=\"edit\" aspectratio=\"t\"\/>\n<\/v:shapetype><v:shape id=\"_x0000_s1026\" type=\"#_x0000_t75\" style='position:absolute;\nmargin-left:42.55pt;margin-top:28pt;width:114.75pt;height:152.25pt;z-index:251658240'>\n<v:imagedata src=\"file:\/\/\/C:\\Users\\PETRAP~1\\AppData\\Local\\Temp\\msohtmlclip1\\01\\clip_image001.jpg\"\no:title=\"25\"\/>\n<w:wrap type=\"square\"\/>\n<\/v:shape><![endif]--><!-- [if !vml]--><\/p>\n<p><!--[endif]--><\/p>\n","protected":false},"excerpt":{"rendered":"<p>U spomen na\u00a0 Augustina Jezernika, dugogodi\u0161njeg predsjednika DVD-a Vrati\u0161inec\u00a0 \u00a0 \u00a0 \u00a0 \u00a0 \u00a0 \u00a0 \u00a0 \u00a0 \u00a0 \u00a0 \u00a0 \u00a0 \u00a0 \u00a0 \u00a0 \u00a0 \u00a0 \u00a0 \u00a0 \u00a0 \u00a0 \u00a0 \u00a0 \u00a0 \u00a0 \u00a0 \u00a0 \u00a0 \u00a0 \u00a0 \u00a0 \u00a0 \u00a0 \u00a0 \u00a0 \u00a0 \u00a0 \u00a0 \u00a0 \u00a0 \u00a0 \u00a0 \u00a0 \u00a0 \u00a0 \u00a0 [&hellip;]<\/p>\n","protected":false},"author":1,"featured_media":0,"parent":0,"menu_order":0,"comment_status":"closed","ping_status":"open","template":"","meta":{"rop_custom_images_group":[],"rop_custom_messages_group":[],"rop_publish_now":"initial","rop_publish_now_accounts":[],"rop_publish_now_history":[],"rop_publish_now_status":"pending","ngg_post_thumbnail":0,"footnotes":""},"class_list":["post-586","page","type-page","status-publish","hentry"],"_links":{"self":[{"href":"https:\/\/dvd-vratisinec.hr\/index.php?rest_route=\/wp\/v2\/pages\/586","targetHints":{"allow":["GET"]}}],"collection":[{"href":"https:\/\/dvd-vratisinec.hr\/index.php?rest_route=\/wp\/v2\/pages"}],"about":[{"href":"https:\/\/dvd-vratisinec.hr\/index.php?rest_route=\/wp\/v2\/types\/page"}],"author":[{"embeddable":true,"href":"https:\/\/dvd-vratisinec.hr\/index.php?rest_route=\/wp\/v2\/users\/1"}],"replies":[{"embeddable":true,"href":"https:\/\/dvd-vratisinec.hr\/index.php?rest_route=%2Fwp%2Fv2%2Fcomments&post=586"}],"version-history":[{"count":6,"href":"https:\/\/dvd-vratisinec.hr\/index.php?rest_route=\/wp\/v2\/pages\/586\/revisions"}],"predecessor-version":[{"id":2206,"href":"https:\/\/dvd-vratisinec.hr\/index.php?rest_route=\/wp\/v2\/pages\/586\/revisions\/2206"}],"wp:attachment":[{"href":"https:\/\/dvd-vratisinec.hr\/index.php?rest_route=%2Fwp%2Fv2%2Fmedia&parent=586"}],"curies":[{"name":"wp","href":"https:\/\/api.w.org\/{rel}","templated":true}]}}