{"id":4937,"date":"2022-05-28T13:31:00","date_gmt":"2022-05-28T12:31:00","guid":{"rendered":"https:\/\/dvd-vratisinec.hr\/?page_id=4937"},"modified":"2022-05-29T13:35:42","modified_gmt":"2022-05-29T12:35:42","slug":"tehnicka-intervencija-na-kuci-13-2022","status":"publish","type":"page","link":"https:\/\/dvd-vratisinec.hr\/?page_id=4937","title":{"rendered":"Tehni\u010dka intervencija na ku\u0107i (13\/2022)"},"content":{"rendered":"\n<p>U no\u0107i s petka na subotu, u 00:11 sati zaprimljena je dojava putem UVI sustava o tehni\u010dkoj intervenciji na ku\u0107i u ulici Brodec. Po dojavi na mjesto intervencije izlaze NV1 i NV2 s 5 vatrogasaca. Dolaskom na mjesto intervencije zati\u010demo da se radi o poplavi na prvom katu ku\u0107e gdje se renovira krovi\u0161te. Uz pomo\u0107 vlasnika ispumpavamo vodu i razvla\u010dimo cerade da bismo za\u0161titili objekt. Po zavr\u0161etku vlasniku zadu\u017eujemo jednu pumpu u slu\u010daju potrebe te se vra\u0107amo u vatrogasni dom. Usput je pregledana prohodnost prometnica na kojima nisu uo\u010dene prepreke koje bi zaustavile promet.<\/p>\n\n\n\n<figure class=\"wp-block-gallery has-nested-images columns-default is-cropped wp-block-gallery-1 is-layout-flex wp-block-gallery-is-layout-flex\"><\/figure>\n\n\n\n<p><\/p>\n","protected":false},"excerpt":{"rendered":"<p>U no\u0107i s petka na subotu, u 00:11 sati zaprimljena je dojava putem UVI sustava o tehni\u010dkoj intervenciji na ku\u0107i u ulici Brodec. Po dojavi na mjesto intervencije izlaze NV1 i NV2 s 5 vatrogasaca. Dolaskom na mjesto intervencije zati\u010demo da se radi o poplavi na prvom katu ku\u0107e gdje se renovira krovi\u0161te. Uz pomo\u0107 [&hellip;]<\/p>\n","protected":false},"author":1,"featured_media":4938,"parent":0,"menu_order":0,"comment_status":"closed","ping_status":"closed","template":"","meta":{"rop_custom_images_group":[],"rop_custom_messages_group":[],"rop_publish_now":"initial","rop_publish_now_accounts":[],"rop_publish_now_history":[],"rop_publish_now_status":"pending","ngg_post_thumbnail":0,"footnotes":""},"class_list":["post-4937","page","type-page","status-publish","has-post-thumbnail","hentry"],"_links":{"self":[{"href":"https:\/\/dvd-vratisinec.hr\/index.php?rest_route=\/wp\/v2\/pages\/4937","targetHints":{"allow":["GET"]}}],"collection":[{"href":"https:\/\/dvd-vratisinec.hr\/index.php?rest_route=\/wp\/v2\/pages"}],"about":[{"href":"https:\/\/dvd-vratisinec.hr\/index.php?rest_route=\/wp\/v2\/types\/page"}],"author":[{"embeddable":true,"href":"https:\/\/dvd-vratisinec.hr\/index.php?rest_route=\/wp\/v2\/users\/1"}],"replies":[{"embeddable":true,"href":"https:\/\/dvd-vratisinec.hr\/index.php?rest_route=%2Fwp%2Fv2%2Fcomments&post=4937"}],"version-history":[{"count":1,"href":"https:\/\/dvd-vratisinec.hr\/index.php?rest_route=\/wp\/v2\/pages\/4937\/revisions"}],"predecessor-version":[{"id":4939,"href":"https:\/\/dvd-vratisinec.hr\/index.php?rest_route=\/wp\/v2\/pages\/4937\/revisions\/4939"}],"wp:featuredmedia":[{"embeddable":true,"href":"https:\/\/dvd-vratisinec.hr\/index.php?rest_route=\/wp\/v2\/media\/4938"}],"wp:attachment":[{"href":"https:\/\/dvd-vratisinec.hr\/index.php?rest_route=%2Fwp%2Fv2%2Fmedia&parent=4937"}],"curies":[{"name":"wp","href":"https:\/\/api.w.org\/{rel}","templated":true}]}}