{"id":46,"date":"2013-11-25T21:44:45","date_gmt":"2013-11-25T21:44:45","guid":{"rendered":"http:\/\/dvd-vratisinec.hr\/?page_id=46"},"modified":"2026-03-27T08:53:25","modified_gmt":"2026-03-27T07:53:25","slug":"kontakt","status":"publish","type":"page","link":"https:\/\/dvd-vratisinec.hr\/?page_id=46","title":{"rendered":"Kontakt"},"content":{"rendered":"<h2 style=\"text-align: center;\"><span style=\"color: #ff0000;\">&nbsp;<strong>DVD VRATI\u0160INEC<\/strong><\/span><\/h2>\n<p style=\"text-align: center;\"><img loading=\"lazy\" decoding=\"async\" class=\"wp-image-1144 aligncenter\" src=\"https:\/\/dvd-vratisinec.hr\/wp-content\/uploads\/2013\/11\/preuzmi.jpg\" alt=\"preuzmi\" width=\"86\" height=\"89\"><\/p>\n<h5 style=\"text-align: center;\"><strong>Dr. Vinka \u017dganca 2a, Vrati\u0161inec<\/strong><br \/>\n<strong> 40316 Vrati\u0161inec<\/strong><br \/>\n<strong> Me\u0111imurje<\/strong><\/h5>\n<h5 style=\"text-align: center;\"><strong><span style=\"color: #ff0000;\">OIB:<\/span> 88818566954<\/strong><br \/>\n<strong> <span style=\"color: #ff0000;\">MB:<\/span>&nbsp;03111296<br \/>\n<span style=\"color: #ff0000;\">RNO broj:<\/span>&nbsp;<\/strong>0296513<br \/>\n<span style=\"color: #ff0000;\">REGISTARSKI BROJ:<\/span> 20000207<br \/>\n<span style=\"color: #ff0000;\">IBAN:<\/span> HR5723400091116016116 (PBZ)<br \/>\n<span style=\"color: #ff0000;\">MODEL I POZIV NA BROJ:<\/span> HR02-88818566954<\/h5>\n<h5 style=\"text-align: center;\"><span style=\"color: #ff0000;\">email:<\/span> vatrogasci.vratisinec@gmail.com<br \/>\ne-mail za dostavu e-ra\u010duna: vzmz.eracun@yahoo.com<\/h5>\n<p style=\"padding-left: 40px; text-align: center;\">Molimo da promotivne ponude \u0161aljete isklju\u010divo na e-mail Dru\u0161tva, a ne i na kontakte odgovornih osoba!<\/p>\n<h5 style=\"text-align: center;\">______________________________________________<\/h5>\n<table style=\"height: 213px;\" width=\"625\">\n<tbody>\n<tr>\n<td rowspan=\"4\" width=\"216\"><img loading=\"lazy\" decoding=\"async\" class=\"alignnone size-full wp-image-5773 aligncenter\" src=\"https:\/\/dvd-vratisinec.hr\/wp-content\/uploads\/2026\/03\/MG.png\" alt=\"\" width=\"156\" height=\"200\"><\/td>\n<td colspan=\"2\" width=\"386\"><strong>Mihael Grbavec<\/strong>, vatrogasni \u010dasnik I.klase<\/td>\n<\/tr>\n<tr>\n<td colspan=\"2\" width=\"386\"><strong>zapovjednik<\/strong><\/td>\n<\/tr>\n<tr>\n<td width=\"65\"><img loading=\"lazy\" decoding=\"async\" class=\"aligncenter size-thumbnail wp-image-2900\" src=\"https:\/\/dvd-vratisinec.hr\/wp-content\/uploads\/2013\/11\/telephone-150x150.png\" alt=\"telephone\" width=\"150\" height=\"150\" srcset=\"https:\/\/dvd-vratisinec.hr\/wp-content\/uploads\/2013\/11\/telephone-150x150.png 150w, https:\/\/dvd-vratisinec.hr\/wp-content\/uploads\/2013\/11\/telephone-300x300.png 300w, https:\/\/dvd-vratisinec.hr\/wp-content\/uploads\/2013\/11\/telephone-160x160.png 160w, https:\/\/dvd-vratisinec.hr\/wp-content\/uploads\/2013\/11\/telephone.png 512w\" sizes=\"auto, (max-width: 150px) 100vw, 150px\" \/><\/td>\n<td width=\"321\">098 9074 491<\/td>\n<\/tr>\n<tr>\n<td width=\"65\"><img loading=\"lazy\" decoding=\"async\" class=\"aligncenter size-thumbnail wp-image-2901\" src=\"https:\/\/dvd-vratisinec.hr\/wp-content\/uploads\/2013\/11\/email-4096-black-150x150.png\" alt=\"email-4096-black\" width=\"150\" height=\"150\" srcset=\"https:\/\/dvd-vratisinec.hr\/wp-content\/uploads\/2013\/11\/email-4096-black-150x150.png 150w, https:\/\/dvd-vratisinec.hr\/wp-content\/uploads\/2013\/11\/email-4096-black-300x300.png 300w, https:\/\/dvd-vratisinec.hr\/wp-content\/uploads\/2013\/11\/email-4096-black-1024x1024.png 1024w, https:\/\/dvd-vratisinec.hr\/wp-content\/uploads\/2013\/11\/email-4096-black-160x160.png 160w\" sizes=\"auto, (max-width: 150px) 100vw, 150px\" \/><\/td>\n<td width=\"321\">mgrbavec@gmail.com<\/td>\n<\/tr>\n<\/tbody>\n<\/table>\n<p>&nbsp;<\/p>\n<table style=\"height: 211px;\" width=\"629\">\n<tbody>\n<tr>\n<td rowspan=\"4\" width=\"216\"><img loading=\"lazy\" decoding=\"async\" class=\"alignnone size-full wp-image-5770 aligncenter\" src=\"https:\/\/dvd-vratisinec.hr\/wp-content\/uploads\/2026\/03\/BP.png\" alt=\"\" width=\"156\" height=\"200\"><\/td>\n<td colspan=\"2\" width=\"386\"><strong>Bernard Podgorelec<\/strong>, vatrogasni do\u010dasnik I.klase<\/td>\n<\/tr>\n<tr>\n<td colspan=\"2\" width=\"386\"><strong>predsjednik<\/strong><\/td>\n<\/tr>\n<tr>\n<td width=\"65\"><img loading=\"lazy\" decoding=\"async\" class=\"aligncenter size-thumbnail wp-image-2900\" src=\"https:\/\/dvd-vratisinec.hr\/wp-content\/uploads\/2013\/11\/telephone-150x150.png\" alt=\"telephone\" width=\"150\" height=\"150\" srcset=\"https:\/\/dvd-vratisinec.hr\/wp-content\/uploads\/2013\/11\/telephone-150x150.png 150w, https:\/\/dvd-vratisinec.hr\/wp-content\/uploads\/2013\/11\/telephone-300x300.png 300w, https:\/\/dvd-vratisinec.hr\/wp-content\/uploads\/2013\/11\/telephone-160x160.png 160w, https:\/\/dvd-vratisinec.hr\/wp-content\/uploads\/2013\/11\/telephone.png 512w\" sizes=\"auto, (max-width: 150px) 100vw, 150px\" \/><\/td>\n<td width=\"321\">095 5183 469<\/td>\n<\/tr>\n<tr>\n<td width=\"65\"><img loading=\"lazy\" decoding=\"async\" class=\"aligncenter size-thumbnail wp-image-2901\" src=\"https:\/\/dvd-vratisinec.hr\/wp-content\/uploads\/2013\/11\/email-4096-black-150x150.png\" alt=\"email-4096-black\" width=\"150\" height=\"150\" srcset=\"https:\/\/dvd-vratisinec.hr\/wp-content\/uploads\/2013\/11\/email-4096-black-150x150.png 150w, https:\/\/dvd-vratisinec.hr\/wp-content\/uploads\/2013\/11\/email-4096-black-300x300.png 300w, https:\/\/dvd-vratisinec.hr\/wp-content\/uploads\/2013\/11\/email-4096-black-1024x1024.png 1024w, https:\/\/dvd-vratisinec.hr\/wp-content\/uploads\/2013\/11\/email-4096-black-160x160.png 160w\" sizes=\"auto, (max-width: 150px) 100vw, 150px\" \/><\/td>\n<td width=\"321\">bernard.podgorelec5@gmail.com<\/td>\n<\/tr>\n<\/tbody>\n<\/table>\n<p>&nbsp;<\/p>\n<table style=\"height: 209px;\" width=\"630\">\n<tbody>\n<tr>\n<td rowspan=\"4\" width=\"216\"><img loading=\"lazy\" decoding=\"async\" class=\"alignnone size-full wp-image-5772 aligncenter\" src=\"https:\/\/dvd-vratisinec.hr\/wp-content\/uploads\/2026\/03\/AK.png\" alt=\"\" width=\"156\" height=\"200\"><\/td>\n<td colspan=\"2\" width=\"386\"><strong>Andrija Kvakan<\/strong>, vatrogasni \u010dasnik I.klase<\/td>\n<\/tr>\n<tr>\n<td colspan=\"2\" width=\"386\"><span style=\"color: #000000;\"><b>zamjenik zapovjednika<\/b><\/span><\/td>\n<\/tr>\n<tr>\n<td width=\"65\"><img loading=\"lazy\" decoding=\"async\" class=\"aligncenter size-thumbnail wp-image-2900\" src=\"https:\/\/dvd-vratisinec.hr\/wp-content\/uploads\/2013\/11\/telephone-150x150.png\" alt=\"telephone\" width=\"150\" height=\"150\" srcset=\"https:\/\/dvd-vratisinec.hr\/wp-content\/uploads\/2013\/11\/telephone-150x150.png 150w, https:\/\/dvd-vratisinec.hr\/wp-content\/uploads\/2013\/11\/telephone-300x300.png 300w, https:\/\/dvd-vratisinec.hr\/wp-content\/uploads\/2013\/11\/telephone-160x160.png 160w, https:\/\/dvd-vratisinec.hr\/wp-content\/uploads\/2013\/11\/telephone.png 512w\" sizes=\"auto, (max-width: 150px) 100vw, 150px\" \/><\/td>\n<td width=\"321\">098 9519 750<\/td>\n<\/tr>\n<tr>\n<td width=\"65\"><img loading=\"lazy\" decoding=\"async\" class=\"aligncenter size-thumbnail wp-image-2901\" src=\"https:\/\/dvd-vratisinec.hr\/wp-content\/uploads\/2013\/11\/email-4096-black-150x150.png\" alt=\"email-4096-black\" width=\"150\" height=\"150\" srcset=\"https:\/\/dvd-vratisinec.hr\/wp-content\/uploads\/2013\/11\/email-4096-black-150x150.png 150w, https:\/\/dvd-vratisinec.hr\/wp-content\/uploads\/2013\/11\/email-4096-black-300x300.png 300w, https:\/\/dvd-vratisinec.hr\/wp-content\/uploads\/2013\/11\/email-4096-black-1024x1024.png 1024w, https:\/\/dvd-vratisinec.hr\/wp-content\/uploads\/2013\/11\/email-4096-black-160x160.png 160w\" sizes=\"auto, (max-width: 150px) 100vw, 150px\" \/><\/td>\n<td width=\"321\">kvakan.andrija@hotmail.com<\/td>\n<\/tr>\n<\/tbody>\n<\/table>\n<p>&nbsp;<\/p>\n<table style=\"height: 220px;\" width=\"628\">\n<tbody>\n<tr>\n<td rowspan=\"4\" width=\"216\"><img loading=\"lazy\" decoding=\"async\" class=\"alignnone size-full wp-image-5771 aligncenter\" src=\"https:\/\/dvd-vratisinec.hr\/wp-content\/uploads\/2026\/03\/AG.png\" alt=\"\" width=\"156\" height=\"200\"><\/td>\n<td colspan=\"2\" width=\"386\"><strong>Antonija Per\u010di\u0107<\/strong>, vatrogasna \u010dasnica I. klase<\/td>\n<\/tr>\n<tr>\n<td colspan=\"2\" width=\"386\"><strong>Potpredsjednica<\/strong><\/td>\n<\/tr>\n<tr>\n<td width=\"65\"><img loading=\"lazy\" decoding=\"async\" class=\"aligncenter size-thumbnail wp-image-2900\" src=\"https:\/\/dvd-vratisinec.hr\/wp-content\/uploads\/2013\/11\/telephone-150x150.png\" alt=\"telephone\" width=\"150\" height=\"150\" srcset=\"https:\/\/dvd-vratisinec.hr\/wp-content\/uploads\/2013\/11\/telephone-150x150.png 150w, https:\/\/dvd-vratisinec.hr\/wp-content\/uploads\/2013\/11\/telephone-300x300.png 300w, https:\/\/dvd-vratisinec.hr\/wp-content\/uploads\/2013\/11\/telephone-160x160.png 160w, https:\/\/dvd-vratisinec.hr\/wp-content\/uploads\/2013\/11\/telephone.png 512w\" sizes=\"auto, (max-width: 150px) 100vw, 150px\" \/><\/td>\n<td width=\"321\">098 8204 749<\/td>\n<\/tr>\n<tr>\n<td width=\"65\"><img loading=\"lazy\" decoding=\"async\" class=\"aligncenter size-thumbnail wp-image-2901\" src=\"https:\/\/dvd-vratisinec.hr\/wp-content\/uploads\/2013\/11\/email-4096-black-150x150.png\" alt=\"email-4096-black\" width=\"150\" height=\"150\" srcset=\"https:\/\/dvd-vratisinec.hr\/wp-content\/uploads\/2013\/11\/email-4096-black-150x150.png 150w, https:\/\/dvd-vratisinec.hr\/wp-content\/uploads\/2013\/11\/email-4096-black-300x300.png 300w, https:\/\/dvd-vratisinec.hr\/wp-content\/uploads\/2013\/11\/email-4096-black-1024x1024.png 1024w, https:\/\/dvd-vratisinec.hr\/wp-content\/uploads\/2013\/11\/email-4096-black-160x160.png 160w\" sizes=\"auto, (max-width: 150px) 100vw, 150px\" \/><\/td>\n<td width=\"321\">percic.antonija@gmail.com<\/td>\n<\/tr>\n<\/tbody>\n<\/table>\n<p>&nbsp;<\/p>\n<table style=\"height: 220px;\" width=\"628\">\n<tbody>\n<tr>\n<td rowspan=\"4\" width=\"216\"><img loading=\"lazy\" decoding=\"async\" class=\"wp-image-3946 size-full aligncenter\" src=\"https:\/\/dvd-vratisinec.hr\/wp-content\/uploads\/2018\/03\/messi.png\" alt=\"\" width=\"156\" height=\"200\"><\/td>\n<td colspan=\"2\" width=\"386\"><strong>Magdalena \u0160olti\u0107<\/strong>, vatrogasna \u010dasnica I. klase<\/td>\n<\/tr>\n<tr>\n<td colspan=\"2\" width=\"386\"><strong>tajnica, web urednica<\/strong><\/td>\n<\/tr>\n<tr>\n<td width=\"65\"><img loading=\"lazy\" decoding=\"async\" class=\"aligncenter size-thumbnail wp-image-2900\" src=\"https:\/\/dvd-vratisinec.hr\/wp-content\/uploads\/2013\/11\/telephone-150x150.png\" alt=\"telephone\" width=\"150\" height=\"150\" srcset=\"https:\/\/dvd-vratisinec.hr\/wp-content\/uploads\/2013\/11\/telephone-150x150.png 150w, https:\/\/dvd-vratisinec.hr\/wp-content\/uploads\/2013\/11\/telephone-300x300.png 300w, https:\/\/dvd-vratisinec.hr\/wp-content\/uploads\/2013\/11\/telephone-160x160.png 160w, https:\/\/dvd-vratisinec.hr\/wp-content\/uploads\/2013\/11\/telephone.png 512w\" sizes=\"auto, (max-width: 150px) 100vw, 150px\" \/><\/td>\n<td width=\"321\">099 6788 522<\/td>\n<\/tr>\n<tr>\n<td width=\"65\"><img loading=\"lazy\" decoding=\"async\" class=\"aligncenter size-thumbnail wp-image-2901\" src=\"https:\/\/dvd-vratisinec.hr\/wp-content\/uploads\/2013\/11\/email-4096-black-150x150.png\" alt=\"email-4096-black\" width=\"150\" height=\"150\" srcset=\"https:\/\/dvd-vratisinec.hr\/wp-content\/uploads\/2013\/11\/email-4096-black-150x150.png 150w, https:\/\/dvd-vratisinec.hr\/wp-content\/uploads\/2013\/11\/email-4096-black-300x300.png 300w, https:\/\/dvd-vratisinec.hr\/wp-content\/uploads\/2013\/11\/email-4096-black-1024x1024.png 1024w, https:\/\/dvd-vratisinec.hr\/wp-content\/uploads\/2013\/11\/email-4096-black-160x160.png 160w\" sizes=\"auto, (max-width: 150px) 100vw, 150px\" \/><\/td>\n<td width=\"321\">magdalena.soltic@gmail.com<\/td>\n<\/tr>\n<\/tbody>\n<\/table>\n<p>&nbsp;<\/p>\n<p>&nbsp;<\/p>\n<p>&nbsp;<\/p>\n<p>&nbsp;<\/p>\n","protected":false},"excerpt":{"rendered":"<p>&nbsp;DVD VRATI\u0160INEC Dr. Vinka \u017dganca 2a, Vrati\u0161inec 40316 Vrati\u0161inec Me\u0111imurje OIB: 88818566954 MB:&nbsp;03111296 RNO broj:&nbsp;0296513 REGISTARSKI BROJ: 20000207 IBAN: HR5723400091116016116 (PBZ) MODEL I POZIV NA BROJ: HR02-88818566954 email: vatrogasci.vratisinec@gmail.com e-mail za dostavu e-ra\u010duna: vzmz.eracun@yahoo.com Molimo da promotivne ponude \u0161aljete isklju\u010divo na e-mail Dru\u0161tva, a ne i na kontakte odgovornih osoba! ______________________________________________ Mihael Grbavec, vatrogasni \u010dasnik [&hellip;]<\/p>\n","protected":false},"author":1,"featured_media":0,"parent":0,"menu_order":0,"comment_status":"open","ping_status":"open","template":"","meta":{"rop_custom_images_group":[],"rop_custom_messages_group":[],"rop_publish_now":"initial","rop_publish_now_accounts":[],"rop_publish_now_history":[],"rop_publish_now_status":"pending","ngg_post_thumbnail":0,"footnotes":""},"class_list":["post-46","page","type-page","status-publish","hentry"],"_links":{"self":[{"href":"https:\/\/dvd-vratisinec.hr\/index.php?rest_route=\/wp\/v2\/pages\/46","targetHints":{"allow":["GET"]}}],"collection":[{"href":"https:\/\/dvd-vratisinec.hr\/index.php?rest_route=\/wp\/v2\/pages"}],"about":[{"href":"https:\/\/dvd-vratisinec.hr\/index.php?rest_route=\/wp\/v2\/types\/page"}],"author":[{"embeddable":true,"href":"https:\/\/dvd-vratisinec.hr\/index.php?rest_route=\/wp\/v2\/users\/1"}],"replies":[{"embeddable":true,"href":"https:\/\/dvd-vratisinec.hr\/index.php?rest_route=%2Fwp%2Fv2%2Fcomments&post=46"}],"version-history":[{"count":93,"href":"https:\/\/dvd-vratisinec.hr\/index.php?rest_route=\/wp\/v2\/pages\/46\/revisions"}],"predecessor-version":[{"id":5819,"href":"https:\/\/dvd-vratisinec.hr\/index.php?rest_route=\/wp\/v2\/pages\/46\/revisions\/5819"}],"wp:attachment":[{"href":"https:\/\/dvd-vratisinec.hr\/index.php?rest_route=%2Fwp%2Fv2%2Fmedia&parent=46"}],"curies":[{"name":"wp","href":"https:\/\/api.w.org\/{rel}","templated":true}]}}