{"id":42,"date":"2013-11-25T21:43:59","date_gmt":"2013-11-25T21:43:59","guid":{"rendered":"http:\/\/dvd-vratisinec.hr\/?page_id=42"},"modified":"2022-02-05T17:19:05","modified_gmt":"2022-02-05T16:19:05","slug":"povijest","status":"publish","type":"page","link":"https:\/\/dvd-vratisinec.hr\/?page_id=42","title":{"rendered":"Povijest"},"content":{"rendered":"<figure id=\"attachment_238\" aria-describedby=\"caption-attachment-238\" style=\"width: 190px\" class=\"wp-caption alignleft\"><a href=\"https:\/\/dvd-vratisinec.hr\/wp-content\/uploads\/2013\/11\/Untitled-5.jpg\"><img loading=\"lazy\" decoding=\"async\" class=\"size-full wp-image-238 \" src=\"https:\/\/dvd-vratisinec.hr\/wp-content\/uploads\/2013\/11\/Untitled-5.jpg\" alt=\"Osniva\u010di DVD-a Vrati\u0161inec\" width=\"190\" height=\"127\"><\/a><figcaption id=\"caption-attachment-238\" class=\"wp-caption-text\"><strong>Osniva\u010di DVD-a Vrati\u0161inec<\/strong><\/figcaption><\/figure>\n<p style=\"text-align: justify;\">Dobrovoljno vatrogasno dru\u0161tvo Vrati\u0161inec osnovano je 19. srpnja 1926. godine i bez prestanka djeluje i danas. Inicijator za osnivanje vatrogasne \u010dete, odnosno dru\u0161tva, bio je mjesni u\u010ditelj Pelikan Antun, dok su ostali osniva\u010di bili Hinko Kroder &#8211; \u017eupnik, \u0160kvorc Roko, \u0160kvorc Lovro, Novak Ivan, Lisjak Ivan, Mun\u0111ar Mijo, Vugrinec Valent, Rihtarec Antun, Kukovec Andrija, Malekoci Antun, Vran\u010di\u0107 Vinko, Le\u0161ko Stjepan, Petkovi\u0107 Mijo, Rihtarec Martin i \u0160tefani\u0107 \u0110uro. Na osniva\u010dkoj skup\u0161tini odabran je i prvi predsjednik dru\u0161tva Antun Pelikan, dok je prvi zapovjednik postao Roko \u0160kvorc.<\/p>\n<p style=\"text-align: justify;\">Dobrovoljno vatrogasno dru\u0161tvo Vrati\u0161inec svoj prvi vatrogasni dom na staroj lokaciji, na uglu \u0160kolske ulice i Ulice dr. Vinka \u017dganca izgradilo je i primilo na uporabu ve\u0107 na 10-tu godi\u0161njicu osnivanja, odnosno 1936. godine. Izgradnja vatrogasnog doma zahtijevala je puno odricanja i dobrovoljnog rada, ne samo \u010dlanova dru\u0161tva ve\u0107 i velikog dijela tada\u0161njeg stanovni\u0161tva Vrati\u0161inca.<\/p>\n<figure id=\"attachment_237\" aria-describedby=\"caption-attachment-237\" style=\"width: 190px\" class=\"wp-caption alignleft\"><img loading=\"lazy\" decoding=\"async\" class=\"wp-image-237 size-full\" src=\"https:\/\/dvd-vratisinec.hr\/wp-content\/uploads\/2013\/11\/IMG_0541.jpg\" alt=\"Vatrogasna \u0161trcaljka DVD-a Vrati\u0161inec\" width=\"190\" height=\"252\"><figcaption id=\"caption-attachment-237\" class=\"wp-caption-text\">Vatrogasna \u0161trcaljka DVD-a Vrati\u0161inec<\/figcaption><\/figure>\n<p style=\"text-align: justify;\">Naravno, da sam vatrogasni dom i \u010dlanstvo nije dostatno za efikasni za\u0161titu od po\u017eara i za obavljanje svih ostalih zada\u0107a, koje su na\u0161i \u010dlanovi dru\u0161tva sa entuzijazmom i voljom obavljali, ve\u0107 je bila potreba bila za nabavkom tehni\u010dke opreme, te za\u0161titnih, radnih i sve\u010danih odijela. Ve\u0107i dio sve potrebne opreme dru\u0161tvo je nabavljalo prije svega dobrovoljnim prilozima mje\u0161tana, organiziranjem vatrogasnih zabava (u to vrijeme jedan od glavnih zabavnih doga\u0111aja u Vrati\u0161incu), kao i iz raznih sponzorstava ili donacija od pravnih i fizi\u010dkih osoba, te institucija dr\u017eave, od tada\u0161njih kotareva, SIZ-ova za vatrogastvo op\u0107ine \u010cakovec, pa do samostalne Op\u0107ine Vrati\u0161inec. Dvije godina po osnivanju, odnosno 1928. godine dru\u0161tvo je nabavilo ru\u010dnu vatrogasnu \u0161trcaljku, koja je i danas ispravna.<\/p>\n<p style=\"text-align: justify;\">Po zavr\u0161etku II. svjetskog rata dru\u0161tvo dru\u0161tvo se popunjava mla\u0111im \u010dlanovima koji u\u010destvuju u mnogim radnim akcijama na obnovi razru\u0161ene i opusto\u0161ene zemlje. Tih godina dolazi do nagloga razvoja tehnike i ukupnog gospodarstva, \u0161to iziskuje i usavr\u0161avanje \u010dlanova dru\u0161tva u radu sa suvremenom vatrogasnom tehnikom. Organiziraju se razni te\u010dajevi, teoretski i prakti\u010dni. 1956. godine dru\u0161tvo nabavlja se prvu motornu pumpu kapaciteta 250 litara u minuti, kojom se koristilo narednih 10 godina. 1960. godine \u010dlanovi dru\u0161tva su na tada\u0161njem op\u0107inskom takmi\u010denju Op\u0107ine \u010cakovec u kategoriji pumpi do 300 litara u minuti osvojili 1. mjesto. Kako je motornu pumpu trebalo dopremati do po\u017eari\u0161ta, u po\u010detku je Upravni odbor dru\u0161tva zadu\u017eivao po dva mje\u0161tana koji su imali konje ili traktor sa obvezom da priska\u010du u pomo\u0107 vatrogascima. Ovakvo rje\u0161enje nije bilo i kona\u010dno rje\u0161enje, jer su \u010desto zadu\u017eeni mje\u0161tani morali ostavljati svoje poslove ili nisu ni bili kod ku\u0107e, ve\u0107 u polju i na poslu, pokrenuta je akcija nabavke motornog vozila, pa je ve\u0107 1957. godine nabavljeno teretno motorno vozilo, prvo vatrogasno vozilo u na\u0161em mjestu, kojim se dru\u0161tvo koristilo narednih 5 godina.<\/p>\n<figure id=\"attachment_2246\" aria-describedby=\"caption-attachment-2246\" style=\"width: 300px\" class=\"wp-caption alignleft\"><img loading=\"lazy\" decoding=\"async\" class=\"wp-image-2246 size-medium\" src=\"https:\/\/dvd-vratisinec.hr\/wp-content\/uploads\/2013\/11\/11069174_10206410434448362_1424855796_n-300x225.jpg\" alt=\"11069174_10206410434448362_1424855796_n\" width=\"300\" height=\"225\" srcset=\"https:\/\/dvd-vratisinec.hr\/wp-content\/uploads\/2013\/11\/11069174_10206410434448362_1424855796_n-300x225.jpg 300w, https:\/\/dvd-vratisinec.hr\/wp-content\/uploads\/2013\/11\/11069174_10206410434448362_1424855796_n.jpg 960w\" sizes=\"auto, (max-width: 300px) 100vw, 300px\" \/><figcaption id=\"caption-attachment-2246\" class=\"wp-caption-text\"><strong>Kombi vozilo &#8220;Volkswagen&#8221;.<\/strong><\/figcaption><\/figure>\n<p style=\"text-align: justify;\">Sa obzirom da su se po\u010dela odr\u017eavati i vatrogasna natjecanja, te se ukazala potreba za prijevoz \u010dlanstva, na godi\u0161njoj skup\u0161tini 1977. godine na prijedlog Upravnog odbora jednoglasno je donijeta odlika o nabavci kombi vozila. Nabavljeno je kombi vozilo &#8220;Zastava&#8221;, kojim se dru\u0161tvo koristilo sve do 1995. godine, kada je nabavljeno novo kombi vozilo &#8220;Volkswagen&#8221;. Prije nekoliko godina \u010dlanovi DVD-a Vrati\u0161inec dobili su od prijatelja iz Austrije, FF Ebreichsdorf kombi vozilo &#8220;Volkswagen&#8221;.<\/p>\n<p style=\"text-align: justify;\">U samom Vatrogasnom domu dru\u0161tvo je odr\u017eavalo vje\u017ebe, sastanke i zabave i sli\u010dno. Rad dru\u0161tva se u domu odvijao preko 50 godina, no iz raznih razloga (politi\u010dkih i financijskih) stari vatrogasni dom je tijekom godina, posebice u 80-tim godinama pro\u0161log stolje\u0107a, bio prepu\u0161ten propadanju uslijed nebrige i neulaganja u obnovu, te kori\u0161tenja istog za djelatnosti za koje nije bio izgra\u0111en (disko klub, proizvodni pogon privatnog poduze\u0107a i dr).<\/p>\n<p>Kako je zbog navedenih razloga sam stari vatrogasni dom bio sigurnosna prijetnja kako za \u010dlanove dru\u0161tva, tako i za djecu koja su se igrala u blizini (u blizini je \u0161kola i igrali\u0161te na kojima se djeca zadr\u017eavaju) tijekom 1994. godine stari vatrogasni dom je sru\u0161en.<\/p>\n<p style=\"text-align: justify;\">Odmah nakon toga, a ve\u0107 i prije osnivanjem samostalne Op\u0107ine Vrati\u0161inec, uz veliko zalaganje dugogodi\u0161njeg predsjednika dru\u0161tva Augustina Jezernik pokrenuta je inicijativa za izgradnju novog, adekvatnog vatrogasnog doma. Dogovaranje, razli\u010diti projekti i vizije izgradnje, te prije svega financijske mogu\u0107nosti i prioriteti Op\u0107ine Vrati\u0161inec doprinijele su tome da su \u010dlanovi dru\u0161tva na odluku i konkretan projekt za novi vatrogasni dom \u010dekali 14 godina.<\/p>\n<p style=\"text-align: justify;\">Prije po\u010detka gradnje novog vatrogasnog doma na dana\u0161njoj lokaciji Dru\u0161tvo je dugi niz godina sav rad dru\u0161tva, kao i smje\u0161taj opreme obavljao u neadekvatnom vatrogasnom spremi\u0161tu kojeg su dobili na kori\u0161tenje u sklopu poduze\u0107a Le\u0161ko d.o.o.<\/p>\n<p style=\"text-align: justify;\">2008. godine Op\u0107ina Vrati\u0161inec prona\u0161la je financijske mogu\u0107nosti i politi\u010dku volju za izgradnju novog objekta, ali na\u017ealost osoba koja u velikoj mjeri zaslu\u017ena za dono\u0161enje ove odluke, dugogodi\u0161nji predsjednik Augustin Jezernik nije do\u017eivio realizaciju istog.<\/p>\n<p style=\"text-align: justify;\">Izgradnja postoje\u0107eg vatrogasnog doma Dobrovoljnog vatrogasnog dru\u0161tva Vrati\u0161inec trajala je tri godine, a vatrogasni dom slu\u017ebeno je otvoren 2011. godine. U izgradnji istog pomogla je Op\u0107ina Vrati\u0161inec, posebice na\u010delnik Zdravko Mlinari\u0107, Me\u0111imurska \u017eupanija, te nekoliko pravnih osoba i naravno sami \u010dlanovi Dru\u0161tva. Novoizgra\u0111eni vatrogasni dom nosi ime Augustina Jezernik u \u010diju je \u010dast postavljena i prigodna spomena plo\u010da.<\/p>\n<p style=\"text-align: justify;\">Dobrovoljno vatrogasno dru\u0161tvo Vrati\u0161inec danas broji 53 \u010dlanova vatrogasaca starijih od 18 godina. Broj \u010dlanova vatrogasne mlade\u017ei iznosi 27 \u010dlana. U radu Dru\u0161tva poma\u017eu i podupiraju\u0107i \u010dlanovi i to 300 doma\u0107instava iz Vrati\u0161inca, kao i Op\u0107ina Vrati\u0161inec i nekoliko pravnih i fizi\u010dkih osoba iz Vrati\u0161inca.<\/p>\n<p style=\"text-align: justify;\">Dru\u0161tvo se tijekom godine odaziva na razna natjecanja u svim kategorijama na kojima osvaja zavidne rezultate.<\/p>\n<p style=\"text-align: justify;\">Iznimna pa\u017enja posve\u0107ena je radu s vatrogasnom mlade\u017e i i podmlatkom. Stoga DVD Vrati\u0161inec poti\u010de odr\u017eavanje vatrogasnog natjecanja za pomladak i mlade\u017e Vatrogasne zajednice podru\u010dja grada Mursko Sredi\u0161\u0107e i op\u0107ina Selnica, Sv. Martin na Muri i Vrati\u0161inec te u tome uspijeva 2014. godine kada je odr\u017eano prvo takvo natjecanje pod doma\u0107instvom DVD-a Vrati\u0161inec.<\/p>\n<p style=\"text-align: justify;\">Danas Dru\u0161tvo posjeduje \u010detiri vozila, a to su: malo navalno vozilo Navara kupljeno 2021. godine vlastitim sredstvima, navalno, kombi vozilo za prijevoz putnika i autocisternu od robnih rezervi.&nbsp;<\/p>\n<figure id=\"attachment_209\" aria-describedby=\"caption-attachment-209\" style=\"width: 300px\" class=\"wp-caption aligncenter\"><img loading=\"lazy\" decoding=\"async\" class=\"size-medium wp-image-209\" src=\"https:\/\/dvd-vratisinec.hr\/wp-content\/uploads\/2013\/11\/972165_404115069701567_349199412_n-300x225.jpg\" alt=\"Vatrogasni dom danas\" width=\"300\" height=\"225\" srcset=\"https:\/\/dvd-vratisinec.hr\/wp-content\/uploads\/2013\/11\/972165_404115069701567_349199412_n-300x225.jpg 300w, https:\/\/dvd-vratisinec.hr\/wp-content\/uploads\/2013\/11\/972165_404115069701567_349199412_n.jpg 640w\" sizes=\"auto, (max-width: 300px) 100vw, 300px\" \/><figcaption id=\"caption-attachment-209\" class=\"wp-caption-text\"><strong>Vatrogasni dom danas<\/strong><\/figcaption><\/figure>\n<figure id=\"attachment_239\" aria-describedby=\"caption-attachment-239\" style=\"width: 275px\" class=\"wp-caption aligncenter\"><img loading=\"lazy\" decoding=\"async\" class=\"size-full wp-image-239\" src=\"https:\/\/dvd-vratisinec.hr\/wp-content\/uploads\/2013\/11\/images.jpg\" alt=\"Izgradnja vatrogasnog doma &quot;Augustin Jezernik&quot;\" width=\"275\" height=\"183\"><figcaption id=\"caption-attachment-239\" class=\"wp-caption-text\">I<strong>zgradnja vatrogasnog doma &#8220;Augustin Jezernik&#8221;<\/strong><\/figcaption><\/figure>\n<p>&nbsp;<\/p>\n<figure id=\"attachment_236\" aria-describedby=\"caption-attachment-236\" style=\"width: 190px\" class=\"wp-caption aligncenter\"><img loading=\"lazy\" decoding=\"async\" class=\"size-full wp-image-236\" src=\"https:\/\/dvd-vratisinec.hr\/wp-content\/uploads\/2013\/11\/fotografija-1.jpg\" alt=\"VATROGASNO ODLIKOVANJE DVD-a Vrati\u0161inec utemeljeno 1936.godine i dodijeljeno kao posebno priznanje u povodu 10. obljetnice. U povijesti hrvatskog vatrogastva nikada i nigdje nije zabilje\u017eeno. a poslije II. svjetskog rata gubi mu se trag sve do 2005. godine kada je prona\u0111eno. U povodu 80. obljetnice - 2006. godine uspomenu na njega poklanja \u010dlan Odbora za povijest Hrvatske vatrogasne zajednice Antun Novak, ing. v.v.\u010d. I.klase\" width=\"190\" height=\"257\"><figcaption id=\"caption-attachment-236\" class=\"wp-caption-text\"><strong>VATROGASNO ODLIKOVANJE<\/strong><br \/>DVD-a Vrati\u0161inec utemeljeno 1936.godine i dodijeljeno kao posebno priznanje u povodu 10. obljetnice. U povijesti hrvatskog vatrogastva nikada i nigdje nije zabilje\u017eeno. a poslije II. svjetskog rata gubi mu se trag sve do 2005. godine kada je prona\u0111eno. U povodu 80. obljetnice &#8211; 2006. godine uspomenu na njega poklanja \u010dlan Odbora za povijest Hrvatske vatrogasne zajednice Antun Novak, ing. v.v.\u010d. I.klase<\/figcaption><\/figure>\n","protected":false},"excerpt":{"rendered":"<p>Dobrovoljno vatrogasno dru\u0161tvo Vrati\u0161inec osnovano je 19. srpnja 1926. godine i bez prestanka djeluje i danas. Inicijator za osnivanje vatrogasne \u010dete, odnosno dru\u0161tva, bio je mjesni u\u010ditelj Pelikan Antun, dok su ostali osniva\u010di bili Hinko Kroder &#8211; \u017eupnik, \u0160kvorc Roko, \u0160kvorc Lovro, Novak Ivan, Lisjak Ivan, Mun\u0111ar Mijo, Vugrinec Valent, Rihtarec Antun, Kukovec Andrija, Malekoci [&hellip;]<\/p>\n","protected":false},"author":1,"featured_media":0,"parent":0,"menu_order":0,"comment_status":"open","ping_status":"open","template":"","meta":{"rop_custom_images_group":[],"rop_custom_messages_group":[],"rop_publish_now":"initial","rop_publish_now_accounts":[],"rop_publish_now_history":[],"rop_publish_now_status":"pending","ngg_post_thumbnail":0,"footnotes":""},"class_list":["post-42","page","type-page","status-publish","hentry"],"_links":{"self":[{"href":"https:\/\/dvd-vratisinec.hr\/index.php?rest_route=\/wp\/v2\/pages\/42","targetHints":{"allow":["GET"]}}],"collection":[{"href":"https:\/\/dvd-vratisinec.hr\/index.php?rest_route=\/wp\/v2\/pages"}],"about":[{"href":"https:\/\/dvd-vratisinec.hr\/index.php?rest_route=\/wp\/v2\/types\/page"}],"author":[{"embeddable":true,"href":"https:\/\/dvd-vratisinec.hr\/index.php?rest_route=\/wp\/v2\/users\/1"}],"replies":[{"embeddable":true,"href":"https:\/\/dvd-vratisinec.hr\/index.php?rest_route=%2Fwp%2Fv2%2Fcomments&post=42"}],"version-history":[{"count":21,"href":"https:\/\/dvd-vratisinec.hr\/index.php?rest_route=\/wp\/v2\/pages\/42\/revisions"}],"predecessor-version":[{"id":4811,"href":"https:\/\/dvd-vratisinec.hr\/index.php?rest_route=\/wp\/v2\/pages\/42\/revisions\/4811"}],"wp:attachment":[{"href":"https:\/\/dvd-vratisinec.hr\/index.php?rest_route=%2Fwp%2Fv2%2Fmedia&parent=42"}],"curies":[{"name":"wp","href":"https:\/\/api.w.org\/{rel}","templated":true}]}}