{"id":38,"date":"2013-11-25T21:38:54","date_gmt":"2013-11-25T21:38:54","guid":{"rendered":"http:\/\/dvd-vratisinec.hr\/?page_id=38"},"modified":"2026-03-13T20:07:40","modified_gmt":"2026-03-13T19:07:40","slug":"clanstvo","status":"publish","type":"page","link":"https:\/\/dvd-vratisinec.hr\/?page_id=38","title":{"rendered":"\u010clanstvo i oprema"},"content":{"rendered":"<p style=\"text-align: center;\">&nbsp;<span style=\"color: #ff0000;\"><strong>\u010cLANSTVO:<\/strong><\/span><\/p>\n<p align=\"center\">&nbsp;<span style=\"color: #000000;\"><span style=\"color: #000000;\">BROJ \u010cLANOVA: 63 (18+) (40M, 23\u017d)<\/span><\/span><br>POMLADAK I MLADE\u017d: 27<\/p>\n<p align=\"center\"><span style=\"color: #ff0000;\"><strong>ZVANJA:<\/strong><\/span><\/p>\n<p align=\"center\">&nbsp;Bez ispita &#8211; 22<br>Vatrogasac &#8211; 4<br>Vatrogasac I. klase- 22<br>Vatrogasni do\u010dasnik I. klase &#8211; 6<br>Vatrogasni \u010dasnik &#8211; 1<br>Vatrogasni \u010dasnik I. klase &#8211; 5<br>Po\u010dasni&nbsp;vi\u0161i vatrogasni&nbsp;\u010dasnik&nbsp;&#8211; 1<br>Po\u010dasni&nbsp;vatrogasni \u010dasnik &#8211; 2<\/p>\n<p align=\"center\">Po\u010dasni \u010dlanovi &#8211; 4<\/p>\n<p align=\"center\">Veterani &#8211; 3<\/p>\n<p align=\"center\"><span style=\"color: #ff0000;\"><strong>SPECIJALNOSTI:<\/strong><\/span><\/p>\n<p align=\"center\">Voditelj vatrogasne mlade\u017ei &#8211; 10<br>Strojar &#8211; 2<br>Za aparate za za\u0161titu di\u0161nih organa &#8211; 9<br>Vatrogasni sudac &#8211; 1<br>Spa\u0161avanje pri tehni\u010dkim intervencijama &#8211; 4<br>voditelj \u010damca &#8211; 2<br>Rad s motornom pilom &#8211; 3<br>Pilot bespilotne letjelice &#8211; 4<\/p>\n<p align=\"center\"><span style=\"color: #ff0000;\">&nbsp;<strong>VOZILA I OPREMA:<\/strong><\/span><\/p>\n<p align=\"center\"><span style=\"color: #ff0000;\"><span style=\"color: #000000;\">Nissan Navara<br><\/span><\/span>Mercedes, visokotla\u010dni sklop &#8211; 1000L<\/p>\n<p align=\"center\">Autocisterna Mercedes Atego 1624 &#8211; 7000L<\/p>\n<p align=\"center\">&nbsp;VM\u0160 MAGIRUS&nbsp;8\/8<\/p>\n<p align=\"center\">&nbsp;MOTORNA PUMPA&nbsp;TOMOS<\/p>\n<p align=\"center\">&nbsp;AGREGAT ZA STRUJU&nbsp;5kW<\/p>\n<p align=\"center\">&nbsp;AGREGAT ZA STRUJU 3kW<\/p>\n<p align=\"center\">&nbsp;POTOPNA MULJNA PUMPA<\/p>\n<p align=\"center\">&nbsp;9 APARATA ZA ZA\u0160TITU DI\u0160NIH ORGANA<\/p>\n<p align=\"center\">MOTORNA PILA HUSQVARNA<\/p>\n<p style=\"text-align: center;\" align=\"center\">\u0160KARE I RAZUPIRE<\/p>\n<p style=\"text-align: center;\" align=\"center\">MOTORNA PUMPA EMP 305 ENDRESS-SUBARU<\/p>\n<p style=\"text-align: center;\">PUMPA HONDA<\/p>\n<p align=\"center\">___________________________________________________<\/p>\n<hr>\n<p>&nbsp;<\/p>\n\n\n<figure class=\"wp-block-image size-large\"><img loading=\"lazy\" decoding=\"async\" width=\"1024\" height=\"768\" src=\"https:\/\/dvd-vratisinec.hr\/wp-content\/uploads\/2023\/03\/332179616_755193189353450_503008678324174129_n-1024x768.jpg\" alt=\"\" class=\"wp-image-5130\" srcset=\"https:\/\/dvd-vratisinec.hr\/wp-content\/uploads\/2023\/03\/332179616_755193189353450_503008678324174129_n-1024x768.jpg 1024w, https:\/\/dvd-vratisinec.hr\/wp-content\/uploads\/2023\/03\/332179616_755193189353450_503008678324174129_n-300x225.jpg 300w, https:\/\/dvd-vratisinec.hr\/wp-content\/uploads\/2023\/03\/332179616_755193189353450_503008678324174129_n-768x576.jpg 768w, https:\/\/dvd-vratisinec.hr\/wp-content\/uploads\/2023\/03\/332179616_755193189353450_503008678324174129_n-1536x1152.jpg 1536w, https:\/\/dvd-vratisinec.hr\/wp-content\/uploads\/2023\/03\/332179616_755193189353450_503008678324174129_n.jpg 2048w\" sizes=\"auto, (max-width: 1024px) 100vw, 1024px\" \/><\/figure>\n\n\n\n<figure class=\"wp-block-image size-full\"><img loading=\"lazy\" decoding=\"async\" width=\"680\" height=\"510\" src=\"https:\/\/dvd-vratisinec.hr\/wp-content\/uploads\/2024\/01\/2022-10-21.jpg\" alt=\"\" class=\"wp-image-5319\" srcset=\"https:\/\/dvd-vratisinec.hr\/wp-content\/uploads\/2024\/01\/2022-10-21.jpg 680w, https:\/\/dvd-vratisinec.hr\/wp-content\/uploads\/2024\/01\/2022-10-21-300x225.jpg 300w\" sizes=\"auto, (max-width: 680px) 100vw, 680px\" \/><\/figure>\n","protected":false},"excerpt":{"rendered":"<p>&nbsp;\u010cLANSTVO: &nbsp;BROJ \u010cLANOVA: 63 (18+) (40M, 23\u017d)POMLADAK I MLADE\u017d: 27 ZVANJA: &nbsp;Bez ispita &#8211; 22Vatrogasac &#8211; 4Vatrogasac I. klase- 22Vatrogasni do\u010dasnik I. klase &#8211; 6Vatrogasni \u010dasnik &#8211; 1Vatrogasni \u010dasnik I. klase &#8211; 5Po\u010dasni&nbsp;vi\u0161i vatrogasni&nbsp;\u010dasnik&nbsp;&#8211; 1Po\u010dasni&nbsp;vatrogasni \u010dasnik &#8211; 2 Po\u010dasni \u010dlanovi &#8211; 4 Veterani &#8211; 3 SPECIJALNOSTI: Voditelj vatrogasne mlade\u017ei &#8211; 10Strojar &#8211; 2Za aparate za [&hellip;]<\/p>\n","protected":false},"author":1,"featured_media":0,"parent":0,"menu_order":0,"comment_status":"open","ping_status":"open","template":"","meta":{"rop_custom_images_group":[],"rop_custom_messages_group":[],"rop_publish_now":"initial","rop_publish_now_accounts":[],"rop_publish_now_history":[],"rop_publish_now_status":"pending","ngg_post_thumbnail":0,"footnotes":""},"class_list":["post-38","page","type-page","status-publish","hentry"],"_links":{"self":[{"href":"https:\/\/dvd-vratisinec.hr\/index.php?rest_route=\/wp\/v2\/pages\/38","targetHints":{"allow":["GET"]}}],"collection":[{"href":"https:\/\/dvd-vratisinec.hr\/index.php?rest_route=\/wp\/v2\/pages"}],"about":[{"href":"https:\/\/dvd-vratisinec.hr\/index.php?rest_route=\/wp\/v2\/types\/page"}],"author":[{"embeddable":true,"href":"https:\/\/dvd-vratisinec.hr\/index.php?rest_route=\/wp\/v2\/users\/1"}],"replies":[{"embeddable":true,"href":"https:\/\/dvd-vratisinec.hr\/index.php?rest_route=%2Fwp%2Fv2%2Fcomments&post=38"}],"version-history":[{"count":67,"href":"https:\/\/dvd-vratisinec.hr\/index.php?rest_route=\/wp\/v2\/pages\/38\/revisions"}],"predecessor-version":[{"id":5794,"href":"https:\/\/dvd-vratisinec.hr\/index.php?rest_route=\/wp\/v2\/pages\/38\/revisions\/5794"}],"wp:attachment":[{"href":"https:\/\/dvd-vratisinec.hr\/index.php?rest_route=%2Fwp%2Fv2%2Fmedia&parent=38"}],"curies":[{"name":"wp","href":"https:\/\/api.w.org\/{rel}","templated":true}]}}