{"id":36,"date":"2013-11-25T21:38:16","date_gmt":"2013-11-25T21:38:16","guid":{"rendered":"http:\/\/dvd-vratisinec.hr\/?page_id=36"},"modified":"2026-03-13T14:22:40","modified_gmt":"2026-03-13T13:22:40","slug":"nadzorni-odbor","status":"publish","type":"page","link":"https:\/\/dvd-vratisinec.hr\/?page_id=36","title":{"rendered":"Nadzorni odbor"},"content":{"rendered":"<table width=\"625\">\n<tbody>\n<tr>\n<td rowspan=\"4\" width=\"292\"><img loading=\"lazy\" decoding=\"async\" class=\"alignnone size-full wp-image-3948 aligncenter\" src=\"https:\/\/dvd-vratisinec.hr\/wp-content\/uploads\/2018\/03\/dejan.png\" alt=\"\" width=\"156\" height=\"200\"><\/td>\n<td width=\"333\"><strong>Ime i prezime:<\/strong> Dejan Jezernik<\/td>\n<\/tr>\n<tr>\n<td width=\"333\"><strong>Datum ro\u0111enja: <\/strong>30.05.1971.<\/td>\n<\/tr>\n<tr>\n<td width=\"333\"><strong>Zvanje:<\/strong> po\u010dasni vi\u0161i vatrogasni \u010dasnik<\/td>\n<\/tr>\n<tr>\n<td width=\"333\"><strong>Du\u017enost:<\/strong> predsjednik N.O.<\/td>\n<\/tr>\n<\/tbody>\n<\/table>\n<p>&nbsp;<\/p>\n<table width=\"625\">\n<tbody>\n<tr>\n<td rowspan=\"4\" width=\"292\"><img loading=\"lazy\" decoding=\"async\" class=\"alignnone size-full wp-image-5767 aligncenter\" src=\"https:\/\/dvd-vratisinec.hr\/wp-content\/uploads\/2026\/03\/94f459d042124495aee1257805555da5.png\" alt=\"\" width=\"156\" height=\"200\"><\/td>\n<td width=\"333\"><strong>Ime i prezime:<\/strong> Barbara Horvat<\/td>\n<\/tr>\n<tr>\n<td width=\"333\"><strong>Datum ro\u0111enja: <\/strong>28.06.1993.<\/td>\n<\/tr>\n<tr>\n<td width=\"333\"><strong>Zvanje:<\/strong> vatrogasna \u010dasnica<\/td>\n<\/tr>\n<tr>\n<td width=\"333\"><strong>Du\u017enost:<\/strong>&nbsp;\u010dlan N.O.<\/td>\n<\/tr>\n<\/tbody>\n<\/table>\n<p>&nbsp;<\/p>\n<table width=\"625\">\n<tbody>\n<tr>\n<td rowspan=\"4\" width=\"292\">&nbsp;<\/p>\n<p><img loading=\"lazy\" decoding=\"async\" class=\"alignnone size-full wp-image-5774 aligncenter\" src=\"https:\/\/dvd-vratisinec.hr\/wp-content\/uploads\/2026\/03\/NP.png\" alt=\"\" width=\"156\" height=\"200\"><\/td>\n<td width=\"333\"><strong>Ime i prezime:<\/strong> Nikola Petkovi\u0107<\/td>\n<\/tr>\n<tr>\n<td width=\"333\"><strong>Datum ro\u0111enja: <\/strong>28.11.1990.<\/td>\n<\/tr>\n<tr>\n<td width=\"333\"><strong>Zvanje:<\/strong> vatrogasni do\u010dasnik I. klase<\/td>\n<\/tr>\n<tr>\n<td width=\"333\"><strong>Du\u017enost:<\/strong>&nbsp;\u010dlan N.O.<\/td>\n<\/tr>\n<\/tbody>\n<\/table>\n<p>&nbsp;<\/p>\n<p>&nbsp;<\/p>\n<p>&nbsp;<\/p>\n","protected":false},"excerpt":{"rendered":"<p>Ime i prezime: Dejan Jezernik Datum ro\u0111enja: 30.05.1971. Zvanje: po\u010dasni vi\u0161i vatrogasni \u010dasnik Du\u017enost: predsjednik N.O. &nbsp; Ime i prezime: Barbara Horvat Datum ro\u0111enja: 28.06.1993. Zvanje: vatrogasna \u010dasnica Du\u017enost:&nbsp;\u010dlan N.O. &nbsp; &nbsp; Ime i prezime: Nikola Petkovi\u0107 Datum ro\u0111enja: 28.11.1990. Zvanje: vatrogasni do\u010dasnik I. klase Du\u017enost:&nbsp;\u010dlan N.O. &nbsp; &nbsp; &nbsp;<\/p>\n","protected":false},"author":1,"featured_media":0,"parent":0,"menu_order":0,"comment_status":"open","ping_status":"open","template":"","meta":{"rop_custom_images_group":[],"rop_custom_messages_group":[],"rop_publish_now":"initial","rop_publish_now_accounts":[],"rop_publish_now_history":[],"rop_publish_now_status":"pending","ngg_post_thumbnail":0,"footnotes":""},"class_list":["post-36","page","type-page","status-publish","hentry"],"_links":{"self":[{"href":"https:\/\/dvd-vratisinec.hr\/index.php?rest_route=\/wp\/v2\/pages\/36","targetHints":{"allow":["GET"]}}],"collection":[{"href":"https:\/\/dvd-vratisinec.hr\/index.php?rest_route=\/wp\/v2\/pages"}],"about":[{"href":"https:\/\/dvd-vratisinec.hr\/index.php?rest_route=\/wp\/v2\/types\/page"}],"author":[{"embeddable":true,"href":"https:\/\/dvd-vratisinec.hr\/index.php?rest_route=\/wp\/v2\/users\/1"}],"replies":[{"embeddable":true,"href":"https:\/\/dvd-vratisinec.hr\/index.php?rest_route=%2Fwp%2Fv2%2Fcomments&post=36"}],"version-history":[{"count":28,"href":"https:\/\/dvd-vratisinec.hr\/index.php?rest_route=\/wp\/v2\/pages\/36\/revisions"}],"predecessor-version":[{"id":5780,"href":"https:\/\/dvd-vratisinec.hr\/index.php?rest_route=\/wp\/v2\/pages\/36\/revisions\/5780"}],"wp:attachment":[{"href":"https:\/\/dvd-vratisinec.hr\/index.php?rest_route=%2Fwp%2Fv2%2Fmedia&parent=36"}],"curies":[{"name":"wp","href":"https:\/\/api.w.org\/{rel}","templated":true}]}}