{"id":2569,"date":"2015-07-05T23:00:16","date_gmt":"2015-07-05T22:00:16","guid":{"rendered":"http:\/\/dvd-vratisinec.hr\/?page_id=2569"},"modified":"2026-03-13T20:14:19","modified_gmt":"2026-03-13T19:14:19","slug":"xvii-natjecanje-s-podzemnim-hidrantima","status":"publish","type":"page","link":"https:\/\/dvd-vratisinec.hr\/?page_id=2569","title":{"rendered":"Hidranti"},"content":{"rendered":"\n<div data-wp-interactive=\"core\/file\" class=\"wp-block-file\"><object data-wp-bind--hidden=\"!state.hasPdfPreview\" hidden class=\"wp-block-file__embed\" data=\"https:\/\/dvd-vratisinec.hr\/wp-content\/uploads\/2025\/07\/Pravilnik-za-izvodenje-vjezbe-s-uporabom-podzemnih-hidranata-13.6.2025.pdf\" type=\"application\/pdf\" style=\"width:100%;height:600px\" aria-label=\"Ugra\u0111eno Pravilnik za izvo\u0111enje vje\u017ebe s uporabom podzemnih hidranata 13.6.2025..\"><\/object><a id=\"wp-block-file--media-9c6e4668-75a1-4b81-a49a-1ec8148dcc42\" href=\"https:\/\/dvd-vratisinec.hr\/wp-content\/uploads\/2025\/07\/Pravilnik-za-izvodenje-vjezbe-s-uporabom-podzemnih-hidranata-13.6.2025.pdf\">Pravilnik za izvo\u0111enje vje\u017ebe s uporabom podzemnih hidranata 13.6.2025.<\/a><a href=\"https:\/\/dvd-vratisinec.hr\/wp-content\/uploads\/2025\/07\/Pravilnik-za-izvodenje-vjezbe-s-uporabom-podzemnih-hidranata-13.6.2025.pdf\" class=\"wp-block-file__button wp-element-button\" download aria-describedby=\"wp-block-file--media-9c6e4668-75a1-4b81-a49a-1ec8148dcc42\">Preuzmi<\/a><\/div>\n\n\n\n\n\n<p><\/p>\n","protected":false},"excerpt":{"rendered":"","protected":false},"author":1,"featured_media":0,"parent":0,"menu_order":0,"comment_status":"closed","ping_status":"open","template":"","meta":{"rop_custom_images_group":[],"rop_custom_messages_group":[],"rop_publish_now":"initial","rop_publish_now_accounts":[],"rop_publish_now_history":[],"rop_publish_now_status":"pending","ngg_post_thumbnail":0,"footnotes":""},"class_list":["post-2569","page","type-page","status-publish","hentry"],"_links":{"self":[{"href":"https:\/\/dvd-vratisinec.hr\/index.php?rest_route=\/wp\/v2\/pages\/2569","targetHints":{"allow":["GET"]}}],"collection":[{"href":"https:\/\/dvd-vratisinec.hr\/index.php?rest_route=\/wp\/v2\/pages"}],"about":[{"href":"https:\/\/dvd-vratisinec.hr\/index.php?rest_route=\/wp\/v2\/types\/page"}],"author":[{"embeddable":true,"href":"https:\/\/dvd-vratisinec.hr\/index.php?rest_route=\/wp\/v2\/users\/1"}],"replies":[{"embeddable":true,"href":"https:\/\/dvd-vratisinec.hr\/index.php?rest_route=%2Fwp%2Fv2%2Fcomments&post=2569"}],"version-history":[{"count":36,"href":"https:\/\/dvd-vratisinec.hr\/index.php?rest_route=\/wp\/v2\/pages\/2569\/revisions"}],"predecessor-version":[{"id":5797,"href":"https:\/\/dvd-vratisinec.hr\/index.php?rest_route=\/wp\/v2\/pages\/2569\/revisions\/5797"}],"wp:attachment":[{"href":"https:\/\/dvd-vratisinec.hr\/index.php?rest_route=%2Fwp%2Fv2%2Fmedia&parent=2569"}],"curies":[{"name":"wp","href":"https:\/\/api.w.org\/{rel}","templated":true}]}}