{"id":2314,"date":"2015-05-01T15:49:08","date_gmt":"2015-05-01T14:49:08","guid":{"rendered":"http:\/\/dvd-vratisinec.hr\/?page_id=2314"},"modified":"2017-04-25T10:39:22","modified_gmt":"2017-04-25T09:39:22","slug":"kutak-za-roditelje","status":"publish","type":"page","link":"https:\/\/dvd-vratisinec.hr\/?page_id=2314","title":{"rendered":"Kutak za roditelje"},"content":{"rendered":"<h2><span style=\"color: #ff0000;\"><img loading=\"lazy\" decoding=\"async\" class=\"alignnone size-full wp-image-2333\" src=\"https:\/\/dvd-vratisinec.hr\/wp-content\/uploads\/2015\/05\/obitelj.gif\" alt=\"obitelj\" width=\"275\" height=\"165\"><\/span><\/h2>\n<p><span style=\"color: #ff0000;\">Sezona 2017.<\/span><\/p>\n<ul>\n<li>22.4.2017. &#8211; utrka vatrogasaca u Merhatovcu<\/li>\n<li>Prvo natjecanje 13.5.2017. godine u Vrati\u0161incu, IV. kup Vrati\u0161inca za pomladak i mlade\u017e<\/li>\n<li>\u017dupanijsko natjecanje bit \u0107e 27.5.2017. godine u Doma\u0161incu.<\/li>\n<li>Vje\u017ebe \u0107e se odr\u017eavati kod vatrogasnog doma i na igrali\u0161tu NK Sokol prema dogovoru s mentorima.<\/li>\n<li>molimo roditelje za razumijevanje \u0161to \u0107e djeca s vje\u017ebi dolaziti mokra zbog rada s vodom<\/li>\n<li>Mentori:<br \/>\n<table width=\"535\">\n<tbody>\n<tr>\n<td width=\"200\"><strong>Mentori<\/strong><\/td>\n<td width=\"189\"><strong>e-mail<\/strong><\/td>\n<td width=\"146\"><strong>mobitel<\/strong><\/td>\n<\/tr>\n<tr>\n<td width=\"200\">Mihael Grbavec (zapovjednik)<\/td>\n<td width=\"189\">mgrbavec@gmail.com<\/td>\n<td width=\"146\">098 9074 491<\/td>\n<\/tr>\n<tr>\n<td width=\"200\">Antonija Per\u010di\u0107<\/td>\n<td width=\"189\">percic.antonija@gmail.com<\/td>\n<td width=\"146\">099 8204 749<\/td>\n<\/tr>\n<tr>\n<td width=\"200\">Magdalena \u0160olti\u0107<\/td>\n<td width=\"189\">magdalena.soltic@gmail.com<\/td>\n<td width=\"146\">099 6788 522<\/td>\n<\/tr>\n<\/tbody>\n<\/table>\n<ul>\n<li><strong>Darija Luka\u010di\u0107<\/strong>, darija.lukacic@gmail.com, 091 9164 946 &#8211; dodatno mentor za pomladak<\/li>\n<\/ul>\n<\/li>\n<\/ul>\n<p><span style=\"color: #ff0000;\">2016.<\/span><\/p>\n<table width=\"535\">\n<tbody>\n<tr>\n<td width=\"200\"><strong>Mentori<\/strong><\/td>\n<td width=\"189\"><strong>e-mail<\/strong><\/td>\n<td width=\"146\"><strong>mobitel<\/strong><\/td>\n<\/tr>\n<tr>\n<td width=\"200\">Mihael Grbavec (zapovjednik)<\/td>\n<td width=\"189\">mgrbavec@gmail.com<\/td>\n<td width=\"146\">098 9074 491<\/td>\n<\/tr>\n<tr>\n<td width=\"200\">Antonija Per\u010di\u0107<\/td>\n<td width=\"189\">percic.antonija@gmail.com<\/td>\n<td width=\"146\">099 8204 749<\/td>\n<\/tr>\n<tr>\n<td width=\"200\">Magdalena \u0160olti\u0107<\/td>\n<td width=\"189\">magdalena.soltic@gmail.com<\/td>\n<td width=\"146\">099 6788 522<\/td>\n<\/tr>\n<\/tbody>\n<\/table>\n<ul>\n<li><strong>Darija Luka\u010di\u0107<\/strong>, darija.lukacic@gmail.com, 091 9164 946 &#8211; dodatno mentor za pomladak<\/li>\n<\/ul>\n<h2><span style=\"color: #ff0000;\"><strong>01.08. &#8211; 19.08. 2016. &#8211; PRIPREME ZA NATJECANJE S PODZEMNIM HIDRANTIMA<\/strong><\/span><\/h2>\n<ul>\n<li>Vje\u017ebe \u0107e se prema dogovoru s mentorima odr\u017eavati na poligonu u ulici Ograda. Vje\u017ebe traju cca 1-2 sata.<\/li>\n<li>Za natjecanje se uz vatrogasnu mlade\u017e pripremaju i seniorske ekipe<\/li>\n<li>DAN NATJECANJA: 20.08.2016. godine u \u017dabniku pod doma\u0107instvom DVD-a Sv. Martin na Muri<\/li>\n<li>molimo roditelje za razumijevanje \u0161to \u0107e djeca s vje\u017ebi dolaziti mokra zbog rada s vodom iz podzemnog hidranta<br \/>\n<hr>\n<\/li>\n<\/ul>\n<p><em><strong>Napomena: Zbog rada s vodom molimo razumijevanje roditelja \u0161to \u0107e djeca s vje\u017ebi dolaziti mokra. <\/strong><\/em><\/p>\n<p style=\"text-align: justify;\">Planirana natjecanja: <strong>21.05.2016.<\/strong> u <strong>Vrati\u0161incu<\/strong> i <strong>28.05.2016<\/strong>. natjecanje za pomladak i mlade\u017e VZM\u017d u <strong>Palinovcu<\/strong> s po\u010detkom u 10:00 sati.<\/p>\n<p style=\"text-align: justify;\"><strong>Vje\u017ebe za pomladak odr\u017eavati \u0107e se prema dogovoru s mentorima kod vatrogasnog doma, a vje\u017ebe za mlade\u017e prema dogovoru s mentorima na poligonu u ulici Brodec.<\/strong><\/p>\n<p style=\"text-align: justify;\">Obavje\u0161tavamo sve \u010dlanove pomlatka i mlade\u017ei te sve ostale koji su zainteresirani za vje\u017ebanje u DVD-u Vrati\u0161inec da se odazovu prvom zajedni\u010dkom sastanku dana 14.travnja s po\u010detkom u 18:00 sati u vatrogasnom domu &#8220;Augustin Jezernik&#8221;.<\/p>\n<p><span style=\"color: #ff0000;\">2015.<\/span><\/p>\n<p><span style=\"color: #000000;\"><strong>5.Kup VZG \u010cakovec<\/strong><\/span><\/p>\n<p><a href=\"http:\/\/www.vatrogasci-medjimurja.com\/2015\/157-raspored\/157-raspored.pdf\">raspored nastupa na kupu VZG \u010cakovec<\/a><br \/>\n<span style=\"color: #000000;\">Vje\u017ebe &#8211; ponedjeljak\/srijeda\/petak u 18 sati na \u0161kolskom igrali\u0161tu.<br \/>\n<\/span><\/p>\n<p><span style=\"color: #000000;\"><strong>VI.memorijal \u0110uro Ore\u0161ki<\/strong><\/span><\/p>\n<p>30.08.2015. &#8211; polazak na natjecanje u 15h ispred vatrogasnog spremi\u0161ta<br \/>\n<span style=\"color: #000000;\">Vje\u017ebe za pripremu za nadolaze\u0107e natjecanje u \u0160andorovcu (memorijal &#8220;\u0110uro Ore\u0161ki&#8221;) svakog dana po dogovoru na \u0161kolskom igrali\u0161tu.<\/span><\/p>\n<p><span style=\"color: #000000;\"><strong>XVII. natjecanje s podzemnim hidrantima<\/strong><\/span><\/p>\n<p><span style=\"color: #000000;\">DVD Vrati\u0161inec zapo\u010deo je sa vje\u017ebama za nadolaze\u0107e natjecanje koje \u0107e se odr\u017eati 22.08.2015. godine u Vrati\u0161incu<\/span><br \/>\n<span style=\"color: #000000;\">Vje\u017ebe \u0107e se odr\u017eavati na <strong>poligonu u ulici Ograda<\/strong>&nbsp;u razdoblju od (27.07. &#8211; 21.08.2015.) prema dogovoru mentora i \u010dlanova mlade\u017ei (12-16godina)<\/span><\/p>\n<p><span style=\"color: #000000;\">Napomena: zbog rada sa v<\/span>odom postoji mogu\u0107nost da \u0107e djeca ku\u0107i do\u0107i sa mokrom obu\u0107om i odje\u0107om.<\/p>\n<p><span style=\"color: #000000;\"><strong>Igre vratrogasne mlade\u017ei<\/strong><br \/>\n<\/span><br \/>\n<strong><span style=\"color: #000000;\">Vje\u017ebe 06. &#8211; 10.7.2015.<\/span><\/strong><br \/>\n<span style=\"color: #000000;\"><strong>11.07<\/strong>. -Polazak za natjecanje u 11h, okupljanje kod vatrogasnog spremi\u0161ta 10:45<br \/>\nVje\u017ebe svakog dana u 18h<\/span><\/p>\n<p><strong><em>Vje\u017ebe 25. &#8211; 29.5. 2015.<br \/>\n<\/em><\/strong><em>30.05. 2015. (sub) &#8211; okupljanje ispred vatr. doma u 10:45, polazak u 11h; <strong>Napomena: Svi \u010dlanovi moraju imati DVDovu majicu, dokumente ne treba&nbsp;<\/strong><\/em><em><br \/>\n29. 05. 2015 (pet) &#8211; pomladak i mlade\u017e 19h NK Sokol<br \/>\n<\/em><em>28.05.2015 (\u010det) &#8211; pomladak u 18, mlade\u017e u 18:30 NK Sokol<\/em><strong><em><br \/>\n<\/em><\/strong><em>27.05.2015. (sri) &#8211; mlade\u017e u 18h, pomladak 19h NK Sokol<\/em><em><br \/>\n<\/em><em>26.05.2015. (uto) &#8211; pomladak 18h, mlade\u017e u 19h NK Sokol<\/em><strong><em><br \/>\n<\/em><\/strong><em>25.05.2015. (pon) &#8211; pomladak 18h, mlade\u017e u 19h NK Sokol<\/em><strong><em><br \/>\n<\/em><\/strong><strong><em><br \/>\nVje\u017ebe 18. &#8211; 22. 5.2015.<\/em><em><br \/>\n<\/em><\/strong><em>22.05.2015. (pet) &#8211; pomladak nema vje\u017ebe, mlade\u017e vje\u017ebe u gara\u017ei vatr. spremi\u0161ta -18h<\/em><strong><em><br \/>\n<\/em><\/strong><em>21.05.2015. (\u010det) &#8211; nema vje\u017ebi zbog obaveza mentora<\/em><strong><em><br \/>\n<\/em><\/strong><em>20.05.2015. (sri) &#8211; pomladak 18h, mlade\u017e 19h &#8211; NK Sokol<\/em><strong><em><br \/>\n<\/em><\/strong><em>19.05. 2015. (uto) &#8211; nema vje\u017ebi<\/em><strong><em><br \/>\n<\/em><\/strong><em>18.05.2015. (pon) &#8211; podmladak 18h<\/em><em> &#8211; NK Sokol, mlade\u017e 19h<\/em><em> &#8211; NK Sokol<\/em><\/p>\n<p><strong>Vje\u017ebe 11. &#8211; 15.5.2015.<\/strong><br \/>\n<em>15.05.2015. (pet) &#8211; podmladak 19h kod vatrogasnog doma, mlade\u017e u 18h NK Sokol<br \/>\n14.05.2015. (\u010det) &#8211; nema vje\u017ebi zbog \u0161kolskih obaveza \u010dlanova i obaveza mentora<br \/>\n13.05.2015. (sri) &#8211; <strong>slikanje za vatrogasne iskaznice, <\/strong>podmladak 18h, mlade\u017e 19h<br \/>\n12.05.2015. (uto) &#8211;&nbsp; podmladak u 18h kod vatr. doma, mlade\u017e u 19h NK Sokol<br \/>\n<\/em><em>11.05.2015. (pon) &#8211; podmladak u 18h kod vatr. doma, mlade\u017e u 19h NK Sokol<\/em><em><br \/>\n<\/em><strong><em><br \/>\nVje\u017ebe 4.-8.5.2015.<br \/>\n<\/em><\/strong><em>08.05.2015. (pet) &#8211; podmladak 17:30h &#8211; vatrogasni dom, mlade\u017e 18h &#8211; NK Sokol<\/em><strong><em><br \/>\n<\/em><\/strong><em>07.05.2015. (\u010det) &#8211; radionica za podmladak (17:45h)<\/em><strong><em><br \/>\n<\/em><\/strong>07.05.2015. (\u010det) &#8211; podmladak u 18h &#8211; kod vatrogasnog doma, mlade\u017e 19h nog.igrali\u0161te,<br \/>\n04.05.2015.(pon) &#8211; podmladak u 18h kod vatr. spremi\u0161ta<br \/>\n05.05.2015.(uto) &#8211; mlade\u017e u 19h &#8211; okupljanje kod vatr. spremi\u0161ta<\/p>\n<hr>\n<p><em>Vje\u017ebe za mlade\u017e (12-16god), utorak i \u010detvrtak po dogovoru, trajanje vje\u017ebe: 1 sat.<\/em><br \/>\n<em> Vje\u017ebe za podmladak (6-12god), svakog dana u 18 sati; trajanje vje\u017ebe: 1 sat.<br \/>\n<strong>Napomena:<\/strong><br \/>\n&#8211; Podmladak vatrogasne vje\u017ebe odr\u017eava kod vatrogasnog doma &#8220;Augustin Jezernik&#8221;, dok \u0107e mlade\u017e svoje vje\u017ebe odr\u017eavati na igrali\u0161tu NK Sokol Vrati\u0161inec.<br \/>\n<\/em>&#8211; <em>Zbog vje\u017ebe s vodom mogu\u0107e je da \u0107e obu\u0107a i odje\u0107a djece biti mokra!<\/em><\/p>\n<hr>\n<p><a href=\"https:\/\/dvd-vratisinec.hr\/?page_id=1211\"><span style=\"color: #ff0000;\"><em>NATJECANJA u 2015. godini<\/em><\/span><\/a><br \/>\n<em>Prednatjecanje VZP za podmladak i mlade\u017e &#8211; 17.05.2015. &#8211; Vrati\u0161inec (NK SOKOL)<br \/>\nNatjecanje VZ Me\u0111imurske \u017eupanije za podmladak i mlade\u017e &nbsp;&#8211; 30.05.2015. godine &#8211; Sv. Martin na Muri<br \/>\nNatjecanje uporabom podzemnih hidranata &#8211; 22.08.2015. &#8211; Vrati\u0161inec (samo za mlade\u017e)<br \/>\nIgre vatrogasne mlade\u017ei &#8211; 11.07.2015. &#8211; \u017di\u0161kovec<\/em><\/p>\n<hr>\n<p>&nbsp;<\/p>\n<table width=\"535\">\n<tbody>\n<tr>\n<td width=\"200\"><strong>Mentori<\/strong><\/td>\n<td width=\"189\"><strong>e-mail<\/strong><\/td>\n<td width=\"146\"><strong>mobitel<\/strong><\/td>\n<\/tr>\n<tr>\n<td width=\"200\">Mihael Grbavec (zapovjednik)<\/td>\n<td width=\"189\">mgrbavec@gmail.com<\/td>\n<td width=\"146\">098 9074 491<\/td>\n<\/tr>\n<tr>\n<td width=\"200\">Antonija Per\u010di\u0107<\/td>\n<td width=\"189\">percic.antonija@gmail.com<\/td>\n<td width=\"146\">099 8204 749<\/td>\n<\/tr>\n<tr>\n<td width=\"200\">Magdalena \u0160olti\u0107<\/td>\n<td width=\"189\">magdalena.soltic@gmail.com<\/td>\n<td width=\"146\">099 6788 522<\/td>\n<\/tr>\n<\/tbody>\n<\/table>\n<hr>\n<p><a title=\"Rad s podmlatkom i mlade\u017ei kroz godine\" href=\"https:\/\/dvd-vratisinec.hr\/?page_id=1024\">Rad s mlade\u017ei<\/a><\/p>\n<hr>\n<p>[wpdm_package id=&#8217;2361&#8242;]<\/p>\n","protected":false},"excerpt":{"rendered":"<p>Sezona 2017. 22.4.2017. &#8211; utrka vatrogasaca u Merhatovcu Prvo natjecanje 13.5.2017. godine u Vrati\u0161incu, IV. kup Vrati\u0161inca za pomladak i mlade\u017e \u017dupanijsko natjecanje bit \u0107e 27.5.2017. godine u Doma\u0161incu. Vje\u017ebe \u0107e se odr\u017eavati kod vatrogasnog doma i na igrali\u0161tu NK Sokol prema dogovoru s mentorima. molimo roditelje za razumijevanje \u0161to \u0107e djeca s vje\u017ebi dolaziti [&hellip;]<\/p>\n","protected":false},"author":1,"featured_media":0,"parent":0,"menu_order":0,"comment_status":"closed","ping_status":"open","template":"","meta":{"rop_custom_images_group":[],"rop_custom_messages_group":[],"rop_publish_now":"initial","rop_publish_now_accounts":[],"rop_publish_now_history":[],"rop_publish_now_status":"pending","ngg_post_thumbnail":0,"footnotes":""},"class_list":["post-2314","page","type-page","status-publish","hentry"],"_links":{"self":[{"href":"https:\/\/dvd-vratisinec.hr\/index.php?rest_route=\/wp\/v2\/pages\/2314","targetHints":{"allow":["GET"]}}],"collection":[{"href":"https:\/\/dvd-vratisinec.hr\/index.php?rest_route=\/wp\/v2\/pages"}],"about":[{"href":"https:\/\/dvd-vratisinec.hr\/index.php?rest_route=\/wp\/v2\/types\/page"}],"author":[{"embeddable":true,"href":"https:\/\/dvd-vratisinec.hr\/index.php?rest_route=\/wp\/v2\/users\/1"}],"replies":[{"embeddable":true,"href":"https:\/\/dvd-vratisinec.hr\/index.php?rest_route=%2Fwp%2Fv2%2Fcomments&post=2314"}],"version-history":[{"count":52,"href":"https:\/\/dvd-vratisinec.hr\/index.php?rest_route=\/wp\/v2\/pages\/2314\/revisions"}],"predecessor-version":[{"id":3628,"href":"https:\/\/dvd-vratisinec.hr\/index.php?rest_route=\/wp\/v2\/pages\/2314\/revisions\/3628"}],"wp:attachment":[{"href":"https:\/\/dvd-vratisinec.hr\/index.php?rest_route=%2Fwp%2Fv2%2Fmedia&parent=2314"}],"curies":[{"name":"wp","href":"https:\/\/api.w.org\/{rel}","templated":true}]}}