{"id":2185,"date":"2015-03-15T23:45:23","date_gmt":"2015-03-15T22:45:23","guid":{"rendered":"http:\/\/dvd-vratisinec.hr\/?page_id=2185"},"modified":"2018-04-04T13:39:17","modified_gmt":"2018-04-04T12:39:17","slug":"o-web-portalu","status":"publish","type":"page","link":"https:\/\/dvd-vratisinec.hr\/?page_id=2185","title":{"rendered":"O web portalu"},"content":{"rendered":"<p><span style=\"color: #ff0000;\"><strong>Dobrovoljno vatrogasno dru\u0161tvo Vrati\u0161inec&nbsp;<\/strong><\/span><\/p>\n<p><strong>skra\u0107eni naziv:<\/strong> <strong>DVD Vrati\u0161inec<\/strong><br \/>\n<em>Dr. Vinka \u017dganca 2a, Vrati\u0161inec<\/em><br \/>\n<em>40 315 Mursko Sredi\u0161\u0107e<br \/>\n<\/em><strong>e-mail:<\/strong> vatrogasci.vratisinec@gmail.com<br \/>\n<strong>telefon: 098 9074 491 <\/strong>(<em>zapovjednik Mihael Grbavec<\/em>)<\/p>\n<p>&nbsp;<\/p>\n<p><strong>Portal je otvoren<\/strong>: 24.11.2013.<br \/>\n<strong style=\"text-align: justify;\">Web hosting pokriva:<\/strong> <a style=\"text-align: justify;\" href=\"https:\/\/orbis.hr\/\">Orbis d.o.o.<\/a><\/p>\n<p><strong>Urednik i fotograf web stranice<\/strong>: <a href=\"https:\/\/dvd-vratisinec.hr\/wp-content\/uploads\/2013\/11\/1208498_10203325747893126_1772968440_n.jpg\">Magdalena \u0160olti\u0107<\/a><br \/>\n<strong style=\"text-align: justify;\">e-mail:<\/strong><span style=\"text-align: justify;\"> magdalena.soltic@gmail.com<br \/>\n<\/span><strong style=\"text-align: justify;\">mobitel:<\/strong> <strong style=\"text-align: justify;\">099 6788 522<\/strong><\/p>\n<p>Suradnici web portala (www.dvd-vratisinec.hr) su svi \u010dlanovi Dru\u0161tva koji prisustvuju bilo kojem doga\u0111aju vezanom uz vatrogastvo, humanitarni rad i sli\u010dno.<\/p>\n<p>Bilo koju vijest mo\u017eete nam poslati na e-mail adresu Dru\u0161tva ili direktno urednici portala.<br \/>\nAko nije naveden izvor, onda je autor teksta i fotografije Magdalena \u0160olti\u0107<\/p>\n<p><span style=\"color: #ff0000;\">NAPOMENA:<\/span> <strong>Kopiranje, presnimavanje nekog sadr\u017eaja nedopu\u0161teno je bez suglasnosti autora (izvor podataka), osim rubrike downloads.<\/strong><\/p>\n","protected":false},"excerpt":{"rendered":"<p>Dobrovoljno vatrogasno dru\u0161tvo Vrati\u0161inec&nbsp; skra\u0107eni naziv: DVD Vrati\u0161inec Dr. Vinka \u017dganca 2a, Vrati\u0161inec 40 315 Mursko Sredi\u0161\u0107e e-mail: vatrogasci.vratisinec@gmail.com telefon: 098 9074 491 (zapovjednik Mihael Grbavec) &nbsp; Portal je otvoren: 24.11.2013. Web hosting pokriva: Orbis d.o.o. Urednik i fotograf web stranice: Magdalena \u0160olti\u0107 e-mail: magdalena.soltic@gmail.com mobitel: 099 6788 522 Suradnici web portala (www.dvd-vratisinec.hr) su svi [&hellip;]<\/p>\n","protected":false},"author":1,"featured_media":0,"parent":0,"menu_order":0,"comment_status":"closed","ping_status":"open","template":"","meta":{"rop_custom_images_group":[],"rop_custom_messages_group":[],"rop_publish_now":"initial","rop_publish_now_accounts":[],"rop_publish_now_history":[],"rop_publish_now_status":"pending","ngg_post_thumbnail":0,"footnotes":""},"class_list":["post-2185","page","type-page","status-publish","hentry"],"_links":{"self":[{"href":"https:\/\/dvd-vratisinec.hr\/index.php?rest_route=\/wp\/v2\/pages\/2185","targetHints":{"allow":["GET"]}}],"collection":[{"href":"https:\/\/dvd-vratisinec.hr\/index.php?rest_route=\/wp\/v2\/pages"}],"about":[{"href":"https:\/\/dvd-vratisinec.hr\/index.php?rest_route=\/wp\/v2\/types\/page"}],"author":[{"embeddable":true,"href":"https:\/\/dvd-vratisinec.hr\/index.php?rest_route=\/wp\/v2\/users\/1"}],"replies":[{"embeddable":true,"href":"https:\/\/dvd-vratisinec.hr\/index.php?rest_route=%2Fwp%2Fv2%2Fcomments&post=2185"}],"version-history":[{"count":12,"href":"https:\/\/dvd-vratisinec.hr\/index.php?rest_route=\/wp\/v2\/pages\/2185\/revisions"}],"predecessor-version":[{"id":3972,"href":"https:\/\/dvd-vratisinec.hr\/index.php?rest_route=\/wp\/v2\/pages\/2185\/revisions\/3972"}],"wp:attachment":[{"href":"https:\/\/dvd-vratisinec.hr\/index.php?rest_route=%2Fwp%2Fv2%2Fmedia&parent=2185"}],"curies":[{"name":"wp","href":"https:\/\/api.w.org\/{rel}","templated":true}]}}