{"id":1504,"date":"2014-07-03T23:42:40","date_gmt":"2014-07-03T22:42:40","guid":{"rendered":"http:\/\/dvd-vratisinec.hr\/?page_id=1504"},"modified":"2026-03-13T20:09:52","modified_gmt":"2026-03-13T19:09:52","slug":"vzp","status":"publish","type":"page","link":"https:\/\/dvd-vratisinec.hr\/?page_id=1504","title":{"rendered":"VZO VRATI\u0160INEC"},"content":{"rendered":"<p style=\"text-align: justify;\">Temeljem statuta i Zakona o vatrogastvu, Dobrovoljno vatrogasno dru\u0161tvo Vrati\u0161inec i Dobrovoljno vatrogasno dru\u0161tvo Gornji Kraljevec osnovali su dana 13.05.2023. godine Vatrogasnu zajednicu Op\u0107ine Vrati\u0161inec. Na osniva\u010dkoj skup\u0161tini 13.5.2023. za predsjednika je izabran Kozar Stjepan, za njegovog zamjenika Zdravko Farka\u0161, a za tajnicu Magdalena \u0160olti\u0107. Prvo predsjedni\u0161tvo \u010dinili su: Stjepan Kozar, Bernard Podgorelec, Zdravko Farka\u0161 i Nenad Srpak, a zapovjedni\u0161tvo: Andrija Kvakan, Mihael Grbavec, Ivan Srpak i Kristijan Benc. U skup\u0161tinu VZO Vrati\u0161inec s pravom glasa na osniva\u010dkoj skup\u0161tini izabrani su: Magdalena \u0160olti\u0107, Stjepan Kozar, Bernard Podgorelec, Andrija Kvakan, Mihael Grbavec iz redova DVD-a Vrati\u0161inec te Ivan Srpak, Nenad Srpak, Kristijan Benc i Zdravko Farka\u0161 iz redova DVD-a Gornji Kraljevec. U 2023. godini za v.d. zapovjednika imenovani je Andrija Kvakan, a njegovim v.d. zamjenikom zapovjednika Mihael Grbavec.<\/p>\n<p><strong>PODACI O VZO VRATI\u0160INEC:<\/strong><\/p>\n<p>Vatrogasna zajednica Op\u0107ine Vrati\u0161inec<br>Dr. Vinka \u017dganca 2<br>40316 Vrati\u0161inec<br>OIB: 63834166979<br>MB: 5791782<br>Registarski broj: 20001579<br>Datum upisa: 27.06.2023<\/p>\n<p><strong>DU\u017dNOSTI:<\/strong><\/p>\n<p>V.D. zapovjednik VZO je Andrija Kvakan, vatrogasni \u010dasnik I. klase, a v.d. zamjenik zapovjednika Mihael Grbavec.<\/p>\n\n\n<figure class=\"wp-block-table\"><table><tbody><tr><td><strong>IME I PREZIME<\/strong><\/td><td><strong>DU\u017dNOST U VZO<\/strong><\/td><td><strong>MATI\u010cNI DVD<\/strong><\/td><\/tr><tr><td>Stjepan Kozar<\/td><td>Predsjednik<\/td><td>DVD Vrati\u0161inec<\/td><\/tr><tr><td>Ivan Srpak<\/td><td>Zamjenik predsjednika<\/td><td>DVD Gornji Kraljevec<\/td><\/tr><tr><td>Magdalena \u0160olti\u0107<\/td><td>Tajnica<\/td><td>DVD Vrati\u0161inec<\/td><\/tr><\/tbody><\/table><\/figure>\n\n\n\n<p><strong>PREDSJEDNI\u0160TVO:<\/strong><\/p>\n\n\n\n<figure class=\"wp-block-table\"><table><tbody><tr><td><strong>IME I PREZIME<\/strong><\/td><td><strong>DU\u017dNOST U VZO<\/strong><\/td><td><strong>MATI\u010cNI DVD<\/strong><\/td><\/tr><tr><td>Stjepan Kozar<\/td><td>\u010clan predsjedni\u0161tva<\/td><td>DVD Vrati\u0161inec<\/td><\/tr><tr><td>Bernard Podgorelec<\/td><td>\u010clan predsjedni\u0161tva<\/td><td>DVD Vrati\u0161inec<\/td><\/tr><tr><td>Ivan Srpak<\/td><td>\u010clan predsjedni\u0161tva<\/td><td>DVD Gornji Kraljevec<\/td><\/tr><tr><td>Ivica Vrtari\u0107<\/td><td>\u010clan predsjedni\u0161tva<\/td><td>DVD Gornji Kraljevec<\/td><\/tr><\/tbody><\/table><figcaption class=\"wp-element-caption\"><br><strong>ZAPOVJEDNI\u0160TVO:<\/strong><\/figcaption><\/figure>\n\n\n\n<figure class=\"wp-block-table\"><table><tbody><tr><td><strong>IME I PREZIME<\/strong><\/td><td><strong>DU\u017dNOST U VZO<\/strong><\/td><td><strong>MATI\u010cNI DVD<\/strong><\/td><\/tr><tr><td>Mihael Grbavec<\/td><td>\u010clan zapovjedni\u0161tva<\/td><td>DVD Vrati\u0161inec<\/td><\/tr><tr><td>Andrija Kvakan<\/td><td>\u010clan zapovjedni\u0161tva<\/td><td>DVD Vrati\u0161inec<\/td><\/tr><tr><td>Darko Hutinec<\/td><td>\u010clan zapovjedni\u0161tva<\/td><td>DVD Gornji Kraljevec<\/td><\/tr><tr><td>Abel Babi\u0107<\/td><td>\u010clan zapovjedni\u0161tva<\/td><td>DVD Gornji Kraljevec<\/td><\/tr><\/tbody><\/table><figcaption class=\"wp-element-caption\"><br><strong>SUD \u010cASTI:<\/strong><\/figcaption><\/figure>\n\n\n\n<figure class=\"wp-block-table\"><table><tbody><tr><td><strong>IME I PREZIME<\/strong><\/td><td><strong>DU\u017dNOST U VZO<\/strong><\/td><td><strong>MATI\u010cNI DVD<\/strong><\/td><\/tr><tr><td>Vladimir Ma\u0111ari\u0107<\/td><td>Predsjednik suda \u010dasti<\/td><td>DVD Gornji Kraljevec<\/td><\/tr><tr><td>Darko Hutinec<\/td><td>\u010clan suda \u010dasti<\/td><td>DVD Gornji Kraljevec<\/td><\/tr><tr><td>Antonija Grbavec<\/td><td>\u010clanica suda \u010dasti<\/td><td>DVD Vrati\u0161inec<\/td><\/tr><\/tbody><\/table><\/figure>\n","protected":false},"excerpt":{"rendered":"<p>Temeljem statuta i Zakona o vatrogastvu, Dobrovoljno vatrogasno dru\u0161tvo Vrati\u0161inec i Dobrovoljno vatrogasno dru\u0161tvo Gornji Kraljevec osnovali su dana 13.05.2023. godine Vatrogasnu zajednicu Op\u0107ine Vrati\u0161inec. Na osniva\u010dkoj skup\u0161tini 13.5.2023. za predsjednika je izabran Kozar Stjepan, za njegovog zamjenika Zdravko Farka\u0161, a za tajnicu Magdalena \u0160olti\u0107. Prvo predsjedni\u0161tvo \u010dinili su: Stjepan Kozar, Bernard Podgorelec, Zdravko Farka\u0161 [&hellip;]<\/p>\n","protected":false},"author":1,"featured_media":0,"parent":0,"menu_order":0,"comment_status":"closed","ping_status":"open","template":"","meta":{"rop_custom_images_group":[],"rop_custom_messages_group":[],"rop_publish_now":"initial","rop_publish_now_accounts":[],"rop_publish_now_history":[],"rop_publish_now_status":"pending","ngg_post_thumbnail":0,"footnotes":""},"class_list":["post-1504","page","type-page","status-publish","hentry"],"_links":{"self":[{"href":"https:\/\/dvd-vratisinec.hr\/index.php?rest_route=\/wp\/v2\/pages\/1504","targetHints":{"allow":["GET"]}}],"collection":[{"href":"https:\/\/dvd-vratisinec.hr\/index.php?rest_route=\/wp\/v2\/pages"}],"about":[{"href":"https:\/\/dvd-vratisinec.hr\/index.php?rest_route=\/wp\/v2\/types\/page"}],"author":[{"embeddable":true,"href":"https:\/\/dvd-vratisinec.hr\/index.php?rest_route=\/wp\/v2\/users\/1"}],"replies":[{"embeddable":true,"href":"https:\/\/dvd-vratisinec.hr\/index.php?rest_route=%2Fwp%2Fv2%2Fcomments&post=1504"}],"version-history":[{"count":31,"href":"https:\/\/dvd-vratisinec.hr\/index.php?rest_route=\/wp\/v2\/pages\/1504\/revisions"}],"predecessor-version":[{"id":5796,"href":"https:\/\/dvd-vratisinec.hr\/index.php?rest_route=\/wp\/v2\/pages\/1504\/revisions\/5796"}],"wp:attachment":[{"href":"https:\/\/dvd-vratisinec.hr\/index.php?rest_route=%2Fwp%2Fv2%2Fmedia&parent=1504"}],"curies":[{"name":"wp","href":"https:\/\/api.w.org\/{rel}","templated":true}]}}